{"id":692,"date":"2023-04-19T23:06:16","date_gmt":"2023-04-19T21:06:16","guid":{"rendered":"https:\/\/www.venzymel.eu\/ueber-uns\/"},"modified":"2025-11-23T10:38:55","modified_gmt":"2025-11-23T09:38:55","slug":"ueber-uns","status":"publish","type":"page","link":"https:\/\/www.venzymel.eu\/de\/ueber-uns\/","title":{"rendered":"\u00dcber uns"},"content":{"rendered":"<p>[et_pb_section fb_built=&#8220;1&#8243; admin_label=&#8220;Features&#8220; _builder_version=&#8220;4.18.0&#8243; _module_preset=&#8220;default&#8220; background_color=&#8220;#f6f6f6&#8243; custom_padding=&#8220;4vw||4vw||true|false&#8220; locked=&#8220;off&#8220; global_colors_info=&#8220;{}&#8220;][et_pb_row use_custom_gutter=&#8220;on&#8220; _builder_version=&#8220;4.27.4&#8243; _module_preset=&#8220;default&#8220; width=&#8220;95%&#8220; custom_margin_tablet=&#8220;&#8220; custom_margin_phone=&#8220;&#8220; custom_margin_last_edited=&#8220;on|phone&#8220; custom_padding=&#8220;||0px||false|false&#8220; global_colors_info=&#8220;{}&#8220;][et_pb_column type=&#8220;4_4&#8243; _builder_version=&#8220;4.16&#8243; _module_preset=&#8220;default&#8220; custom_padding=&#8220;||40px||false|false&#8220; global_colors_info=&#8220;{}&#8220;][et_pb_text _builder_version=&#8220;4.20.4&#8243; _module_preset=&#8220;default&#8220; header_font=&#8220;|700|||||||&#8220; header_text_align=&#8220;center&#8220; header_text_color=&#8220;#000000&#8243; header_font_size=&#8220;40px&#8220; vertical_offset_tablet=&#8220;0&#8243; horizontal_offset_tablet=&#8220;0&#8243; header_font_size_tablet=&#8220;&#8220; header_font_size_phone=&#8220;30px&#8220; header_font_size_last_edited=&#8220;on|phone&#8220; z_index_tablet=&#8220;0&#8243; text_text_shadow_horizontal_length_tablet=&#8220;0px&#8220; text_text_shadow_vertical_length_tablet=&#8220;0px&#8220; text_text_shadow_blur_strength_tablet=&#8220;1px&#8220; link_text_shadow_horizontal_length_tablet=&#8220;0px&#8220; link_text_shadow_vertical_length_tablet=&#8220;0px&#8220; link_text_shadow_blur_strength_tablet=&#8220;1px&#8220; ul_text_shadow_horizontal_length_tablet=&#8220;0px&#8220; ul_text_shadow_vertical_length_tablet=&#8220;0px&#8220; ul_text_shadow_blur_strength_tablet=&#8220;1px&#8220; ol_text_shadow_horizontal_length_tablet=&#8220;0px&#8220; ol_text_shadow_vertical_length_tablet=&#8220;0px&#8220; ol_text_shadow_blur_strength_tablet=&#8220;1px&#8220; quote_text_shadow_horizontal_length_tablet=&#8220;0px&#8220; quote_text_shadow_vertical_length_tablet=&#8220;0px&#8220; quote_text_shadow_blur_strength_tablet=&#8220;1px&#8220; header_text_shadow_horizontal_length_tablet=&#8220;0px&#8220; header_text_shadow_vertical_length_tablet=&#8220;0px&#8220; header_text_shadow_blur_strength_tablet=&#8220;1px&#8220; header_2_text_shadow_horizontal_length_tablet=&#8220;0px&#8220; header_2_text_shadow_vertical_length_tablet=&#8220;0px&#8220; header_2_text_shadow_blur_strength_tablet=&#8220;1px&#8220; header_3_text_shadow_horizontal_length_tablet=&#8220;0px&#8220; header_3_text_shadow_vertical_length_tablet=&#8220;0px&#8220; header_3_text_shadow_blur_strength_tablet=&#8220;1px&#8220; header_4_text_shadow_horizontal_length_tablet=&#8220;0px&#8220; header_4_text_shadow_vertical_length_tablet=&#8220;0px&#8220; header_4_text_shadow_blur_strength_tablet=&#8220;1px&#8220; header_5_text_shadow_horizontal_length_tablet=&#8220;0px&#8220; header_5_text_shadow_vertical_length_tablet=&#8220;0px&#8220; header_5_text_shadow_blur_strength_tablet=&#8220;1px&#8220; header_6_text_shadow_horizontal_length_tablet=&#8220;0px&#8220; header_6_text_shadow_vertical_length_tablet=&#8220;0px&#8220; header_6_text_shadow_blur_strength_tablet=&#8220;1px&#8220; box_shadow_horizontal_tablet=&#8220;0px&#8220; box_shadow_vertical_tablet=&#8220;0px&#8220; box_shadow_blur_tablet=&#8220;40px&#8220; box_shadow_spread_tablet=&#8220;0px&#8220; global_colors_info=&#8220;{}&#8220;]<\/p>\n<h1>\u00dcber uns<\/h1>\n<p>[\/et_pb_text][\/et_pb_column][\/et_pb_row][\/et_pb_section][et_pb_section fb_built=&#8220;1&#8243; admin_label=&#8220;Header&#8220; _builder_version=&#8220;4.18.1&#8243; _module_preset=&#8220;default&#8220; background_position=&#8220;top_center&#8220; overflow-x=&#8220;hidden&#8220; overflow-y=&#8220;hidden&#8220; custom_padding=&#8220;4vh||4vh||true|false&#8220; locked=&#8220;off&#8220; global_colors_info=&#8220;{}&#8220;][et_pb_row column_structure=&#8220;1_2,1_2&#8243; use_custom_gutter=&#8220;on&#8220; custom_padding_last_edited=&#8220;on|phone&#8220; _builder_version=&#8220;4.27.4&#8243; _module_preset=&#8220;default&#8220; width=&#8220;95%&#8220; custom_padding_tablet=&#8220;&#8220; custom_padding_phone=&#8220;|20px||20px|false|true&#8220; global_colors_info=&#8220;{}&#8220;][et_pb_column type=&#8220;1_2&#8243; _builder_version=&#8220;4.16&#8243; custom_padding=&#8220;|||&#8220; global_colors_info=&#8220;{}&#8220; custom_padding__hover=&#8220;|||&#8220;][et_pb_text _builder_version=&#8220;4.21.0&#8243; _module_preset=&#8220;default&#8220; global_colors_info=&#8220;{}&#8220;]<\/p>\n<p><strong>VENZYMEL ist eine Produktlinie von Veterin\u00e4rgelen, die von der menschlichen Enzympflegemarke ENZYMEL inspiriert wurde. Die in Tschechien patentierten VENZYMEL-Pr\u00e4parate f\u00fcr Katzen und Hunde, die vom Familienunternehmen Wald Pharmaceuticals entwickelt wurden, bieten Hilfe dort, wo andere versagen. Sie gehen der Ursache von Entz\u00fcndungen in der Mundh\u00f6hle entgegen und unterst\u00fctzen Heilungsprozesse auf nat\u00fcrliche Weise mithilfe proteolytischer Enzyme. <\/strong><\/p>\n<p>Alles begann mit ENZYMEL-Produkten f\u00fcr den menschlichen Gebrauch. <strong>Wir folgten dem alten medizinischen Rat, dass man zur Heilung die Ursache und nicht die Symptome behandeln muss.<\/strong> Die blo\u00dfe Unterdr\u00fcckung von Symptomen birgt das Risiko einer chronischen Entz\u00fcndung. Wir hatten das gro\u00dfe Gl\u00fcck, von neugierigen, kreativen Menschen umgeben aufzuwachsen und auf eine jahrhundertealte Familientradition und Kenntnisse in Chemie, Pharmazie und Medizin zur\u00fcckgreifen zu k\u00f6nnen. Bei den ENZYMEL-Produkten haben wir die klinischen Erfahrungen mit der systemischen Anwendung proteolytischer Enzyme in der Entz\u00fcndungstherapie ausgewertet.<\/p>\n<p>Als wir entdeckten, dass eine patentierte Mischung aus Enzymen und dem Antiseptikum Chlorhexidin sowohl <strong>Tieren als auch Menschen helfen<\/strong> k\u00f6nnte, dauerte es nicht lange, bis wir in der Lage waren, VENZYMEL-Veterin\u00e4rprodukte herzustellen. Wir k\u00f6nnen also ohne \u00dcbertreibung sagen, dass es sich hierbei um die ersten Veterin\u00e4rgele f\u00fcr Tiere handelt, die an ihren Besitzern getestet wurden.<\/p>\n<p><strong>Unser Ziel ist es, die Ursache und nicht die Symptome anzugehen und dem K\u00f6rper die M\u00f6glichkeit zu geben, sich auf nat\u00fcrliche Weise zu regenerieren.<\/strong><\/p>\n<p>[\/et_pb_text][\/et_pb_column][et_pb_column type=&#8220;1_2&#8243; _builder_version=&#8220;4.20.4&#8243; background_color=&#8220;#f6f6f6&#8243; custom_padding=&#8220;40px|40px|40px|40px|true|true&#8220; custom_padding_tablet=&#8220;40px|40px|40px|40px|true|true&#8220; custom_padding_phone=&#8220;40px|40px|40px|40px|true|true&#8220; custom_padding_last_edited=&#8220;on|phone&#8220; global_colors_info=&#8220;{}&#8220; custom_padding__hover=&#8220;|||&#8220;][et_pb_text _builder_version=&#8220;4.21.0&#8243; _module_preset=&#8220;default&#8220; global_colors_info=&#8220;{}&#8220;]<\/p>\n<p><strong>Wir freuen uns, dass die Zahl der Tierarztpraxen, die VENZYMEL empfehlen, stetig w\u00e4chst. Und vor allem nimmt die Zahl der Tiere, denen es tats\u00e4chlich hilft, zu.<\/strong><\/p>\n<p><strong>Wir freuen uns besonders \u00fcber die R\u00fcckmeldungen von Menschen, deren Haustiere VENZYMEL dabei unterst\u00fctzt, Zahnstein vorzubeugen oder akute Probleme zu l\u00f6sen. Wir w\u00fcrden uns freuen, wenn Sie Ihre Erfahrungen mit uns teilen w\u00fcrden.<\/strong><\/p>\n<p>[\/et_pb_text][\/et_pb_column][\/et_pb_row][\/et_pb_section]<\/p>\n","protected":false},"excerpt":{"rendered":"<p>\u00dcber uns VENZYMEL ist eine Produktlinie von Veterin\u00e4rgelen, die von der menschlichen Enzympflegemarke ENZYMEL inspiriert wurde. Die in Tschechien patentierten VENZYMEL-Pr\u00e4parate f\u00fcr Katzen und Hunde, die vom Familienunternehmen Wald Pharmaceuticals entwickelt wurden, bieten Hilfe dort, wo andere versagen. Sie gehen der Ursache von Entz\u00fcndungen in der Mundh\u00f6hle entgegen und unterst\u00fctzen Heilungsprozesse auf nat\u00fcrliche Weise mithilfe [&hellip;]<\/p>\n","protected":false},"author":1,"featured_media":0,"parent":0,"menu_order":0,"comment_status":"closed","ping_status":"closed","template":"","meta":{"_et_pb_use_builder":"on","_et_pb_old_content":"","_et_gb_content_width":"","footnotes":""},"class_list":["post-692","page","type-page","status-publish","hentry"],"yoast_head":"<!-- This site is optimized with the Yoast SEO plugin v26.6 - https:\/\/yoast.com\/wordpress\/plugins\/seo\/ -->\n<title>\u00dcber uns - VENZYMEL<\/title>\n<meta name=\"robots\" content=\"index, follow, max-snippet:-1, max-image-preview:large, max-video-preview:-1\" \/>\n<link rel=\"canonical\" href=\"https:\/\/www.venzymel.eu\/de\/ueber-uns\/\" \/>\n<meta property=\"og:locale\" content=\"de_DE\" \/>\n<meta property=\"og:type\" content=\"article\" \/>\n<meta property=\"og:title\" content=\"\u00dcber uns - VENZYMEL\" \/>\n<meta property=\"og:description\" content=\"\u00dcber uns VENZYMEL ist eine Produktlinie von Veterin\u00e4rgelen, die von der menschlichen Enzympflegemarke ENZYMEL inspiriert wurde. Die in Tschechien patentierten VENZYMEL-Pr\u00e4parate f\u00fcr Katzen und Hunde, die vom Familienunternehmen Wald Pharmaceuticals entwickelt wurden, bieten Hilfe dort, wo andere versagen. Sie gehen der Ursache von Entz\u00fcndungen in der Mundh\u00f6hle entgegen und unterst\u00fctzen Heilungsprozesse auf nat\u00fcrliche Weise mithilfe [&hellip;]\" \/>\n<meta property=\"og:url\" content=\"https:\/\/www.venzymel.eu\/de\/ueber-uns\/\" \/>\n<meta property=\"og:site_name\" content=\"VENZYMEL\" \/>\n<meta property=\"article:modified_time\" content=\"2025-11-23T09:38:55+00:00\" \/>\n<meta name=\"twitter:card\" content=\"summary_large_image\" \/>\n<meta name=\"twitter:label1\" content=\"Gesch\u00e4tzte Lesezeit\" \/>\n\t<meta name=\"twitter:data1\" content=\"4\u00a0Minuten\" \/>\n<script type=\"application\/ld+json\" class=\"yoast-schema-graph\">{\"@context\":\"https:\/\/schema.org\",\"@graph\":[{\"@type\":\"WebPage\",\"@id\":\"https:\/\/www.venzymel.eu\/de\/ueber-uns\/\",\"url\":\"https:\/\/www.venzymel.eu\/de\/ueber-uns\/\",\"name\":\"\u00dcber uns - VENZYMEL\",\"isPartOf\":{\"@id\":\"https:\/\/www.venzymel.eu\/de\/#website\"},\"datePublished\":\"2023-04-19T21:06:16+00:00\",\"dateModified\":\"2025-11-23T09:38:55+00:00\",\"breadcrumb\":{\"@id\":\"https:\/\/www.venzymel.eu\/de\/ueber-uns\/#breadcrumb\"},\"inLanguage\":\"de\",\"potentialAction\":[{\"@type\":\"ReadAction\",\"target\":[\"https:\/\/www.venzymel.eu\/de\/ueber-uns\/\"]}]},{\"@type\":\"BreadcrumbList\",\"@id\":\"https:\/\/www.venzymel.eu\/de\/ueber-uns\/#breadcrumb\",\"itemListElement\":[{\"@type\":\"ListItem\",\"position\":1,\"name\":\"Dom\u016f\",\"item\":\"https:\/\/www.venzymel.eu\/de\/\"},{\"@type\":\"ListItem\",\"position\":2,\"name\":\"\u00dcber uns\"}]},{\"@type\":\"WebSite\",\"@id\":\"https:\/\/www.venzymel.eu\/de\/#website\",\"url\":\"https:\/\/www.venzymel.eu\/de\/\",\"name\":\"VENZYMEL\",\"description\":\"Veterin\u00e1rn\u00ed enzymov\u00e1 p\u00e9\u010de\",\"potentialAction\":[{\"@type\":\"SearchAction\",\"target\":{\"@type\":\"EntryPoint\",\"urlTemplate\":\"https:\/\/www.venzymel.eu\/de\/?s={search_term_string}\"},\"query-input\":{\"@type\":\"PropertyValueSpecification\",\"valueRequired\":true,\"valueName\":\"search_term_string\"}}],\"inLanguage\":\"de\"}]}<\/script>\n<!-- \/ Yoast SEO plugin. -->","yoast_head_json":{"title":"\u00dcber uns - VENZYMEL","robots":{"index":"index","follow":"follow","max-snippet":"max-snippet:-1","max-image-preview":"max-image-preview:large","max-video-preview":"max-video-preview:-1"},"canonical":"https:\/\/www.venzymel.eu\/de\/ueber-uns\/","og_locale":"de_DE","og_type":"article","og_title":"\u00dcber uns - VENZYMEL","og_description":"\u00dcber uns VENZYMEL ist eine Produktlinie von Veterin\u00e4rgelen, die von der menschlichen Enzympflegemarke ENZYMEL inspiriert wurde. Die in Tschechien patentierten VENZYMEL-Pr\u00e4parate f\u00fcr Katzen und Hunde, die vom Familienunternehmen Wald Pharmaceuticals entwickelt wurden, bieten Hilfe dort, wo andere versagen. Sie gehen der Ursache von Entz\u00fcndungen in der Mundh\u00f6hle entgegen und unterst\u00fctzen Heilungsprozesse auf nat\u00fcrliche Weise mithilfe [&hellip;]","og_url":"https:\/\/www.venzymel.eu\/de\/ueber-uns\/","og_site_name":"VENZYMEL","article_modified_time":"2025-11-23T09:38:55+00:00","twitter_card":"summary_large_image","twitter_misc":{"Gesch\u00e4tzte Lesezeit":"4\u00a0Minuten"},"schema":{"@context":"https:\/\/schema.org","@graph":[{"@type":"WebPage","@id":"https:\/\/www.venzymel.eu\/de\/ueber-uns\/","url":"https:\/\/www.venzymel.eu\/de\/ueber-uns\/","name":"\u00dcber uns - VENZYMEL","isPartOf":{"@id":"https:\/\/www.venzymel.eu\/de\/#website"},"datePublished":"2023-04-19T21:06:16+00:00","dateModified":"2025-11-23T09:38:55+00:00","breadcrumb":{"@id":"https:\/\/www.venzymel.eu\/de\/ueber-uns\/#breadcrumb"},"inLanguage":"de","potentialAction":[{"@type":"ReadAction","target":["https:\/\/www.venzymel.eu\/de\/ueber-uns\/"]}]},{"@type":"BreadcrumbList","@id":"https:\/\/www.venzymel.eu\/de\/ueber-uns\/#breadcrumb","itemListElement":[{"@type":"ListItem","position":1,"name":"Dom\u016f","item":"https:\/\/www.venzymel.eu\/de\/"},{"@type":"ListItem","position":2,"name":"\u00dcber uns"}]},{"@type":"WebSite","@id":"https:\/\/www.venzymel.eu\/de\/#website","url":"https:\/\/www.venzymel.eu\/de\/","name":"VENZYMEL","description":"Veterin\u00e1rn\u00ed enzymov\u00e1 p\u00e9\u010de","potentialAction":[{"@type":"SearchAction","target":{"@type":"EntryPoint","urlTemplate":"https:\/\/www.venzymel.eu\/de\/?s={search_term_string}"},"query-input":{"@type":"PropertyValueSpecification","valueRequired":true,"valueName":"search_term_string"}}],"inLanguage":"de"}]}},"_links":{"self":[{"href":"https:\/\/www.venzymel.eu\/de\/wp-json\/wp\/v2\/pages\/692","targetHints":{"allow":["GET"]}}],"collection":[{"href":"https:\/\/www.venzymel.eu\/de\/wp-json\/wp\/v2\/pages"}],"about":[{"href":"https:\/\/www.venzymel.eu\/de\/wp-json\/wp\/v2\/types\/page"}],"author":[{"embeddable":true,"href":"https:\/\/www.venzymel.eu\/de\/wp-json\/wp\/v2\/users\/1"}],"replies":[{"embeddable":true,"href":"https:\/\/www.venzymel.eu\/de\/wp-json\/wp\/v2\/comments?post=692"}],"version-history":[{"count":2,"href":"https:\/\/www.venzymel.eu\/de\/wp-json\/wp\/v2\/pages\/692\/revisions"}],"predecessor-version":[{"id":694,"href":"https:\/\/www.venzymel.eu\/de\/wp-json\/wp\/v2\/pages\/692\/revisions\/694"}],"wp:attachment":[{"href":"https:\/\/www.venzymel.eu\/de\/wp-json\/wp\/v2\/media?parent=692"}],"curies":[{"name":"wp","href":"https:\/\/api.w.org\/{rel}","templated":true}]}}