{"id":699,"date":"2025-11-21T10:40:29","date_gmt":"2025-11-21T09:40:29","guid":{"rendered":"https:\/\/www.venzymel.eu\/erklaerung-zur-barrierefreiheit\/"},"modified":"2025-11-23T10:55:14","modified_gmt":"2025-11-23T09:55:14","slug":"erklaerung-zur-barrierefreiheit","status":"publish","type":"page","link":"https:\/\/www.venzymel.eu\/de\/erklaerung-zur-barrierefreiheit\/","title":{"rendered":"Erkl\u00e4rung zur Barrierefreiheit"},"content":{"rendered":"<p>[et_pb_section fb_built=&#8220;1&#8243; admin_label=&#8220;Features&#8220; _builder_version=&#8220;4.18.0&#8243; _module_preset=&#8220;default&#8220; background_color=&#8220;#f6f6f6&#8243; custom_padding=&#8220;4vw||4vw||true|false&#8220; locked=&#8220;off&#8220; global_colors_info=&#8220;{}&#8220; theme_builder_area=&#8220;post_content&#8220;][et_pb_row use_custom_gutter=&#8220;on&#8220; _builder_version=&#8220;4.27.4&#8243; _module_preset=&#8220;default&#8220; width=&#8220;95%&#8220; custom_margin_tablet=&#8220;&#8220; custom_margin_phone=&#8220;&#8220; custom_margin_last_edited=&#8220;on|phone&#8220; custom_padding=&#8220;||0px||false|false&#8220; global_colors_info=&#8220;{}&#8220; theme_builder_area=&#8220;post_content&#8220;][et_pb_column type=&#8220;4_4&#8243; _builder_version=&#8220;4.16&#8243; _module_preset=&#8220;default&#8220; custom_padding=&#8220;||40px||false|false&#8220; global_colors_info=&#8220;{}&#8220; theme_builder_area=&#8220;post_content&#8220;][et_pb_text _builder_version=&#8220;4.27.4&#8243; _module_preset=&#8220;default&#8220; header_font=&#8220;|700|||||||&#8220; header_text_align=&#8220;center&#8220; header_text_color=&#8220;#000000&#8243; header_font_size=&#8220;40px&#8220; vertical_offset_tablet=&#8220;0&#8243; horizontal_offset_tablet=&#8220;0&#8243; hover_enabled=&#8220;0&#8243; header_font_size_tablet=&#8220;&#8220; header_font_size_phone=&#8220;30px&#8220; header_font_size_last_edited=&#8220;on|phone&#8220; z_index_tablet=&#8220;0&#8243; text_text_shadow_horizontal_length_tablet=&#8220;0px&#8220; text_text_shadow_vertical_length_tablet=&#8220;0px&#8220; text_text_shadow_blur_strength_tablet=&#8220;1px&#8220; link_text_shadow_horizontal_length_tablet=&#8220;0px&#8220; link_text_shadow_vertical_length_tablet=&#8220;0px&#8220; link_text_shadow_blur_strength_tablet=&#8220;1px&#8220; ul_text_shadow_horizontal_length_tablet=&#8220;0px&#8220; ul_text_shadow_vertical_length_tablet=&#8220;0px&#8220; ul_text_shadow_blur_strength_tablet=&#8220;1px&#8220; ol_text_shadow_horizontal_length_tablet=&#8220;0px&#8220; ol_text_shadow_vertical_length_tablet=&#8220;0px&#8220; ol_text_shadow_blur_strength_tablet=&#8220;1px&#8220; quote_text_shadow_horizontal_length_tablet=&#8220;0px&#8220; quote_text_shadow_vertical_length_tablet=&#8220;0px&#8220; quote_text_shadow_blur_strength_tablet=&#8220;1px&#8220; header_text_shadow_horizontal_length_tablet=&#8220;0px&#8220; header_text_shadow_vertical_length_tablet=&#8220;0px&#8220; header_text_shadow_blur_strength_tablet=&#8220;1px&#8220; header_2_text_shadow_horizontal_length_tablet=&#8220;0px&#8220; header_2_text_shadow_vertical_length_tablet=&#8220;0px&#8220; header_2_text_shadow_blur_strength_tablet=&#8220;1px&#8220; header_3_text_shadow_horizontal_length_tablet=&#8220;0px&#8220; header_3_text_shadow_vertical_length_tablet=&#8220;0px&#8220; header_3_text_shadow_blur_strength_tablet=&#8220;1px&#8220; header_4_text_shadow_horizontal_length_tablet=&#8220;0px&#8220; header_4_text_shadow_vertical_length_tablet=&#8220;0px&#8220; header_4_text_shadow_blur_strength_tablet=&#8220;1px&#8220; header_5_text_shadow_horizontal_length_tablet=&#8220;0px&#8220; header_5_text_shadow_vertical_length_tablet=&#8220;0px&#8220; header_5_text_shadow_blur_strength_tablet=&#8220;1px&#8220; header_6_text_shadow_horizontal_length_tablet=&#8220;0px&#8220; header_6_text_shadow_vertical_length_tablet=&#8220;0px&#8220; header_6_text_shadow_blur_strength_tablet=&#8220;1px&#8220; box_shadow_horizontal_tablet=&#8220;0px&#8220; box_shadow_vertical_tablet=&#8220;0px&#8220; box_shadow_blur_tablet=&#8220;40px&#8220; box_shadow_spread_tablet=&#8220;0px&#8220; global_colors_info=&#8220;{}&#8220; theme_builder_area=&#8220;post_content&#8220; text_orientation=&#8220;center&#8220; sticky_enabled=&#8220;0&#8243;]<\/p>\n<h1>Erkl\u00e4rung zur Barrierefreiheit<\/h1>\n<p>Webseite www.venzymel.cz[\/et_pb_text][\/et_pb_column][\/et_pb_row][\/et_pb_section][et_pb_section fb_built=&#8220;1&#8243; admin_label=&#8220;Header&#8220; _builder_version=&#8220;4.18.1&#8243; _module_preset=&#8220;default&#8220; background_position=&#8220;top_center&#8220; overflow-x=&#8220;hidden&#8220; overflow-y=&#8220;hidden&#8220; custom_padding=&#8220;4vh||4vh||true|false&#8220; locked=&#8220;off&#8220; global_colors_info=&#8220;{}&#8220; theme_builder_area=&#8220;post_content&#8220;][et_pb_row use_custom_gutter=&#8220;on&#8220; custom_padding_last_edited=&#8220;on|phone&#8220; _builder_version=&#8220;4.27.4&#8243; _module_preset=&#8220;default&#8220; width=&#8220;95%&#8220; custom_padding_tablet=&#8220;&#8220; custom_padding_phone=&#8220;|20px||20px|false|true&#8220; global_colors_info=&#8220;{}&#8220; theme_builder_area=&#8220;post_content&#8220;][et_pb_column type=&#8220;4_4&#8243; _builder_version=&#8220;4.16&#8243; custom_padding=&#8220;|||&#8220; global_colors_info=&#8220;{}&#8220; custom_padding__hover=&#8220;|||&#8220; theme_builder_area=&#8220;post_content&#8220;][et_pb_text _builder_version=&#8220;4.27.4&#8243; _module_preset=&#8220;default&#8220; hover_enabled=&#8220;0&#8243; global_colors_info=&#8220;{}&#8220; theme_builder_area=&#8220;post_content&#8220; sticky_enabled=&#8220;0&#8243;]<\/p>\n<p>Letzte Aktualisierung: 1. Oktober 2025<\/p>\n<p>Wald Pharmaceuticals s.r.o. ist bestrebt, die gr\u00f6\u00dftm\u00f6gliche Barrierefreiheit seiner Websites gem\u00e4\u00df dem italienischen Gesetz Nr. 99\/2019 Slg. \u00fcber die Zug\u00e4nglichkeit von Websites und mobilen Anwendungen sowie den Standards der Web Content Accessibility Guidelines (WCAG) 2.2, Stufe AA, zu gew\u00e4hrleisten.<br \/>Unser Ziel ist es, Webinhalte bereitzustellen, die f\u00fcr alle Nutzer, einschlie\u00dflich Menschen mit Behinderungen, zug\u00e4nglich sind.<\/p>\n<p>1. Konformit\u00e4tsstatus<\/p>\n<p>Die Website www.venzymel.cz erf\u00fcllt die Anforderungen der WCAG 2.2 auf Stufe AA nur teilweise. Dies bedeutet, dass einige Inhalte m\u00f6glicherweise nicht vollst\u00e4ndig zug\u00e4nglich sind. <\/p>\n<p>2. Zug\u00e4nglichkeitsma\u00dfnahmen<\/p>\n<p>Um die Zug\u00e4nglichkeit der Website zu gew\u00e4hrleisten, wenden wir folgende Ma\u00dfnahmen an:<\/p>\n<p>Kontinuierliche Beseitigung von Barrieren,<br \/>Testen ausgew\u00e4hlter Seiten mithilfe von Assistenztechnologien,<br \/>Regelm\u00e4\u00dfige Schulung der an der Website-Administration beteiligten Personen,<br \/>Zusammenarbeit mit Experten f\u00fcr digitale Barrierefreiheit.<br \/>3. Bekannte Einschr\u00e4nkungen<\/p>\n<p>Trotz unserer Bem\u00fchungen k\u00f6nnen auf der Website folgende M\u00e4ngel bestehen bleiben: Einige PDF-Dokumente sind m\u00f6glicherweise nicht vollst\u00e4ndig zug\u00e4nglich (fehlende Struktur, fehlende Alternativtexte), einige Video- und Audioinhalte verf\u00fcgen m\u00f6glicherweise nicht \u00fcber Untertitel oder Transkripte, einigen Seiten fehlt m\u00f6glicherweise ein ausreichender Farbkontrast, in einigen F\u00e4llen folgen \u00dcberschriften und Inhaltsstruktur m\u00f6glicherweise nicht der korrekten Hierarchie, komplexere Tabellen verf\u00fcgen m\u00f6glicherweise nicht \u00fcber vollst\u00e4ndige \u00dcberschriften und Bereichsattribute.<\/p>\n<p>Wir w\u00e4ren f\u00fcr jedes Feedback dankbar, das uns dabei hilft, diese M\u00e4ngel zu beseitigen.<\/p>\n<p>4. Kompatibilit\u00e4t mit Browsern und Technologien<\/p>\n<p>Die Website ist so gestaltet, dass sie mit g\u00e4ngigen Hilfstechnologien (Bildschirmleseprogrammen, Vergr\u00f6\u00dferungssoftware) und modernen Browsern kompatibel ist. F\u00fcr eine optimale Benutzererfahrung empfehlen wir die Verwendung aktueller Versionen von Chrome, Firefox, Safari oder Edge. <\/p>\n<p>5. Verfahren zur Einreichung von Vorschl\u00e4gen und Kommentaren<\/p>\n<p>Sollten Sie bei der Nutzung der Website auf ein Barrierefreiheitsproblem sto\u00dfen, kontaktieren Sie uns bitte per E-Mail unter info@waldpharma.cz. Wir werden uns bem\u00fchen, Ihre Anregungen umgehend zu bearbeiten und eine passende L\u00f6sung zu finden. <\/p>\n<p>6. Verfahren zur Durchsetzung von Rechten<\/p>\n<p>Sollten Sie mit unserer L\u00f6sung nicht zufrieden sein, k\u00f6nnen Sie sich an folgende Stelle wenden:<\/p>\n<p>Innenministerium der Tschechischen Republik<br \/>E-Government-Abteilung<br \/>n\u00e1m\u011bst\u00ed Hrdin\u016f 1634\/3, 140 21 Prag 4<br \/>E-Mail: posta@mvcr.cz<br \/>www.mvcr.cz<\/p>\n<p>[\/et_pb_text][\/et_pb_column][\/et_pb_row][\/et_pb_section]<\/p>\n","protected":false},"excerpt":{"rendered":"<p>Erkl\u00e4rung zur Barrierefreiheit Webseite www.venzymel.czLetzte Aktualisierung: 1. Oktober 2025 Wald Pharmaceuticals s.r.o. ist bestrebt, die gr\u00f6\u00dftm\u00f6gliche Barrierefreiheit seiner Websites gem\u00e4\u00df dem italienischen Gesetz Nr. 99\/2019 Slg. \u00fcber die Zug\u00e4nglichkeit von Websites und mobilen Anwendungen sowie den Standards der Web Content Accessibility Guidelines (WCAG) 2.2, Stufe AA, zu gew\u00e4hrleisten.Unser Ziel ist es, Webinhalte bereitzustellen, die f\u00fcr [&hellip;]<\/p>\n","protected":false},"author":1,"featured_media":0,"parent":0,"menu_order":0,"comment_status":"closed","ping_status":"closed","template":"","meta":{"_et_pb_use_builder":"on","_et_pb_old_content":"","_et_gb_content_width":"","footnotes":""},"class_list":["post-699","page","type-page","status-publish","hentry"],"yoast_head":"<!-- This site is optimized with the Yoast SEO plugin v26.6 - https:\/\/yoast.com\/wordpress\/plugins\/seo\/ -->\n<title>Erkl\u00e4rung zur Barrierefreiheit - VENZYMEL<\/title>\n<meta name=\"robots\" content=\"index, follow, max-snippet:-1, max-image-preview:large, max-video-preview:-1\" \/>\n<link rel=\"canonical\" href=\"https:\/\/www.venzymel.eu\/de\/erklaerung-zur-barrierefreiheit\/\" \/>\n<meta property=\"og:locale\" content=\"de_DE\" \/>\n<meta property=\"og:type\" content=\"article\" \/>\n<meta property=\"og:title\" content=\"Erkl\u00e4rung zur Barrierefreiheit - VENZYMEL\" \/>\n<meta property=\"og:description\" content=\"Erkl\u00e4rung zur Barrierefreiheit Webseite www.venzymel.czLetzte Aktualisierung: 1. Oktober 2025 Wald Pharmaceuticals s.r.o. ist bestrebt, die gr\u00f6\u00dftm\u00f6gliche Barrierefreiheit seiner Websites gem\u00e4\u00df dem italienischen Gesetz Nr. 99\/2019 Slg. \u00fcber die Zug\u00e4nglichkeit von Websites und mobilen Anwendungen sowie den Standards der Web Content Accessibility Guidelines (WCAG) 2.2, Stufe AA, zu gew\u00e4hrleisten.Unser Ziel ist es, Webinhalte bereitzustellen, die f\u00fcr [&hellip;]\" \/>\n<meta property=\"og:url\" content=\"https:\/\/www.venzymel.eu\/de\/erklaerung-zur-barrierefreiheit\/\" \/>\n<meta property=\"og:site_name\" content=\"VENZYMEL\" \/>\n<meta property=\"article:modified_time\" content=\"2025-11-23T09:55:14+00:00\" \/>\n<meta name=\"twitter:card\" content=\"summary_large_image\" \/>\n<meta name=\"twitter:label1\" content=\"Gesch\u00e4tzte Lesezeit\" \/>\n\t<meta name=\"twitter:data1\" content=\"5\u00a0Minuten\" \/>\n<script type=\"application\/ld+json\" class=\"yoast-schema-graph\">{\"@context\":\"https:\/\/schema.org\",\"@graph\":[{\"@type\":\"WebPage\",\"@id\":\"https:\/\/www.venzymel.eu\/de\/erklaerung-zur-barrierefreiheit\/\",\"url\":\"https:\/\/www.venzymel.eu\/de\/erklaerung-zur-barrierefreiheit\/\",\"name\":\"Erkl\u00e4rung zur Barrierefreiheit - VENZYMEL\",\"isPartOf\":{\"@id\":\"https:\/\/www.venzymel.eu\/de\/#website\"},\"datePublished\":\"2025-11-21T09:40:29+00:00\",\"dateModified\":\"2025-11-23T09:55:14+00:00\",\"breadcrumb\":{\"@id\":\"https:\/\/www.venzymel.eu\/de\/erklaerung-zur-barrierefreiheit\/#breadcrumb\"},\"inLanguage\":\"de\",\"potentialAction\":[{\"@type\":\"ReadAction\",\"target\":[\"https:\/\/www.venzymel.eu\/de\/erklaerung-zur-barrierefreiheit\/\"]}]},{\"@type\":\"BreadcrumbList\",\"@id\":\"https:\/\/www.venzymel.eu\/de\/erklaerung-zur-barrierefreiheit\/#breadcrumb\",\"itemListElement\":[{\"@type\":\"ListItem\",\"position\":1,\"name\":\"Dom\u016f\",\"item\":\"https:\/\/www.venzymel.eu\/de\/\"},{\"@type\":\"ListItem\",\"position\":2,\"name\":\"Erkl\u00e4rung zur Barrierefreiheit\"}]},{\"@type\":\"WebSite\",\"@id\":\"https:\/\/www.venzymel.eu\/de\/#website\",\"url\":\"https:\/\/www.venzymel.eu\/de\/\",\"name\":\"VENZYMEL\",\"description\":\"Veterin\u00e1rn\u00ed enzymov\u00e1 p\u00e9\u010de\",\"potentialAction\":[{\"@type\":\"SearchAction\",\"target\":{\"@type\":\"EntryPoint\",\"urlTemplate\":\"https:\/\/www.venzymel.eu\/de\/?s={search_term_string}\"},\"query-input\":{\"@type\":\"PropertyValueSpecification\",\"valueRequired\":true,\"valueName\":\"search_term_string\"}}],\"inLanguage\":\"de\"}]}<\/script>\n<!-- \/ Yoast SEO plugin. -->","yoast_head_json":{"title":"Erkl\u00e4rung zur Barrierefreiheit - VENZYMEL","robots":{"index":"index","follow":"follow","max-snippet":"max-snippet:-1","max-image-preview":"max-image-preview:large","max-video-preview":"max-video-preview:-1"},"canonical":"https:\/\/www.venzymel.eu\/de\/erklaerung-zur-barrierefreiheit\/","og_locale":"de_DE","og_type":"article","og_title":"Erkl\u00e4rung zur Barrierefreiheit - VENZYMEL","og_description":"Erkl\u00e4rung zur Barrierefreiheit Webseite www.venzymel.czLetzte Aktualisierung: 1. Oktober 2025 Wald Pharmaceuticals s.r.o. ist bestrebt, die gr\u00f6\u00dftm\u00f6gliche Barrierefreiheit seiner Websites gem\u00e4\u00df dem italienischen Gesetz Nr. 99\/2019 Slg. \u00fcber die Zug\u00e4nglichkeit von Websites und mobilen Anwendungen sowie den Standards der Web Content Accessibility Guidelines (WCAG) 2.2, Stufe AA, zu gew\u00e4hrleisten.Unser Ziel ist es, Webinhalte bereitzustellen, die f\u00fcr [&hellip;]","og_url":"https:\/\/www.venzymel.eu\/de\/erklaerung-zur-barrierefreiheit\/","og_site_name":"VENZYMEL","article_modified_time":"2025-11-23T09:55:14+00:00","twitter_card":"summary_large_image","twitter_misc":{"Gesch\u00e4tzte Lesezeit":"5\u00a0Minuten"},"schema":{"@context":"https:\/\/schema.org","@graph":[{"@type":"WebPage","@id":"https:\/\/www.venzymel.eu\/de\/erklaerung-zur-barrierefreiheit\/","url":"https:\/\/www.venzymel.eu\/de\/erklaerung-zur-barrierefreiheit\/","name":"Erkl\u00e4rung zur Barrierefreiheit - VENZYMEL","isPartOf":{"@id":"https:\/\/www.venzymel.eu\/de\/#website"},"datePublished":"2025-11-21T09:40:29+00:00","dateModified":"2025-11-23T09:55:14+00:00","breadcrumb":{"@id":"https:\/\/www.venzymel.eu\/de\/erklaerung-zur-barrierefreiheit\/#breadcrumb"},"inLanguage":"de","potentialAction":[{"@type":"ReadAction","target":["https:\/\/www.venzymel.eu\/de\/erklaerung-zur-barrierefreiheit\/"]}]},{"@type":"BreadcrumbList","@id":"https:\/\/www.venzymel.eu\/de\/erklaerung-zur-barrierefreiheit\/#breadcrumb","itemListElement":[{"@type":"ListItem","position":1,"name":"Dom\u016f","item":"https:\/\/www.venzymel.eu\/de\/"},{"@type":"ListItem","position":2,"name":"Erkl\u00e4rung zur Barrierefreiheit"}]},{"@type":"WebSite","@id":"https:\/\/www.venzymel.eu\/de\/#website","url":"https:\/\/www.venzymel.eu\/de\/","name":"VENZYMEL","description":"Veterin\u00e1rn\u00ed enzymov\u00e1 p\u00e9\u010de","potentialAction":[{"@type":"SearchAction","target":{"@type":"EntryPoint","urlTemplate":"https:\/\/www.venzymel.eu\/de\/?s={search_term_string}"},"query-input":{"@type":"PropertyValueSpecification","valueRequired":true,"valueName":"search_term_string"}}],"inLanguage":"de"}]}},"_links":{"self":[{"href":"https:\/\/www.venzymel.eu\/de\/wp-json\/wp\/v2\/pages\/699","targetHints":{"allow":["GET"]}}],"collection":[{"href":"https:\/\/www.venzymel.eu\/de\/wp-json\/wp\/v2\/pages"}],"about":[{"href":"https:\/\/www.venzymel.eu\/de\/wp-json\/wp\/v2\/types\/page"}],"author":[{"embeddable":true,"href":"https:\/\/www.venzymel.eu\/de\/wp-json\/wp\/v2\/users\/1"}],"replies":[{"embeddable":true,"href":"https:\/\/www.venzymel.eu\/de\/wp-json\/wp\/v2\/comments?post=699"}],"version-history":[{"count":2,"href":"https:\/\/www.venzymel.eu\/de\/wp-json\/wp\/v2\/pages\/699\/revisions"}],"predecessor-version":[{"id":701,"href":"https:\/\/www.venzymel.eu\/de\/wp-json\/wp\/v2\/pages\/699\/revisions\/701"}],"wp:attachment":[{"href":"https:\/\/www.venzymel.eu\/de\/wp-json\/wp\/v2\/media?parent=699"}],"curies":[{"name":"wp","href":"https:\/\/api.w.org\/{rel}","templated":true}]}}