{"id":709,"date":"2022-11-30T22:14:38","date_gmt":"2022-11-30T21:14:38","guid":{"rendered":"https:\/\/www.venzymel.eu\/wobei-hilft-venzymel\/"},"modified":"2025-11-23T12:30:19","modified_gmt":"2025-11-23T11:30:19","slug":"wobei-hilft-venzymel","status":"publish","type":"page","link":"https:\/\/www.venzymel.eu\/de\/wobei-hilft-venzymel\/","title":{"rendered":"Wobei hilft Venzymel?"},"content":{"rendered":"<p>[et_pb_section fb_built=&#8220;1&#8243; admin_label=&#8220;Features&#8220; _builder_version=&#8220;4.18.0&#8243; _module_preset=&#8220;default&#8220; background_color=&#8220;#f6f6f6&#8243; custom_padding=&#8220;4vw||4vw||true|false&#8220; locked=&#8220;off&#8220; global_colors_info=&#8220;{}&#8220;][et_pb_row use_custom_gutter=&#8220;on&#8220; _builder_version=&#8220;4.27.4&#8243; _module_preset=&#8220;default&#8220; width=&#8220;95%&#8220; custom_margin=&#8220;20px||||false|false&#8220; custom_margin_tablet=&#8220;20px||||false|false&#8220; custom_margin_phone=&#8220;20px||||false|false&#8220; custom_margin_last_edited=&#8220;on|desktop&#8220; custom_padding=&#8220;||0px||false|false&#8220; global_colors_info=&#8220;{}&#8220;][et_pb_column type=&#8220;4_4&#8243; _builder_version=&#8220;4.16&#8243; custom_padding=&#8220;|||&#8220; global_colors_info=&#8220;{}&#8220; custom_padding__hover=&#8220;|||&#8220;][et_pb_text _builder_version=&#8220;4.20.4&#8243; _module_preset=&#8220;default&#8220; header_font=&#8220;|700|||||||&#8220; header_text_align=&#8220;center&#8220; header_text_color=&#8220;#000000&#8243; header_font_size=&#8220;40px&#8220; vertical_offset_tablet=&#8220;0&#8243; horizontal_offset_tablet=&#8220;0&#8243; header_font_size_tablet=&#8220;&#8220; header_font_size_phone=&#8220;30px&#8220; header_font_size_last_edited=&#8220;on|phone&#8220; z_index_tablet=&#8220;0&#8243; text_text_shadow_horizontal_length_tablet=&#8220;0px&#8220; text_text_shadow_vertical_length_tablet=&#8220;0px&#8220; text_text_shadow_blur_strength_tablet=&#8220;1px&#8220; link_text_shadow_horizontal_length_tablet=&#8220;0px&#8220; link_text_shadow_vertical_length_tablet=&#8220;0px&#8220; link_text_shadow_blur_strength_tablet=&#8220;1px&#8220; ul_text_shadow_horizontal_length_tablet=&#8220;0px&#8220; ul_text_shadow_vertical_length_tablet=&#8220;0px&#8220; ul_text_shadow_blur_strength_tablet=&#8220;1px&#8220; ol_text_shadow_horizontal_length_tablet=&#8220;0px&#8220; ol_text_shadow_vertical_length_tablet=&#8220;0px&#8220; ol_text_shadow_blur_strength_tablet=&#8220;1px&#8220; quote_text_shadow_horizontal_length_tablet=&#8220;0px&#8220; quote_text_shadow_vertical_length_tablet=&#8220;0px&#8220; quote_text_shadow_blur_strength_tablet=&#8220;1px&#8220; header_text_shadow_horizontal_length_tablet=&#8220;0px&#8220; header_text_shadow_vertical_length_tablet=&#8220;0px&#8220; header_text_shadow_blur_strength_tablet=&#8220;1px&#8220; header_2_text_shadow_horizontal_length_tablet=&#8220;0px&#8220; header_2_text_shadow_vertical_length_tablet=&#8220;0px&#8220; header_2_text_shadow_blur_strength_tablet=&#8220;1px&#8220; header_3_text_shadow_horizontal_length_tablet=&#8220;0px&#8220; header_3_text_shadow_vertical_length_tablet=&#8220;0px&#8220; header_3_text_shadow_blur_strength_tablet=&#8220;1px&#8220; header_4_text_shadow_horizontal_length_tablet=&#8220;0px&#8220; header_4_text_shadow_vertical_length_tablet=&#8220;0px&#8220; header_4_text_shadow_blur_strength_tablet=&#8220;1px&#8220; header_5_text_shadow_horizontal_length_tablet=&#8220;0px&#8220; header_5_text_shadow_vertical_length_tablet=&#8220;0px&#8220; header_5_text_shadow_blur_strength_tablet=&#8220;1px&#8220; header_6_text_shadow_horizontal_length_tablet=&#8220;0px&#8220; header_6_text_shadow_vertical_length_tablet=&#8220;0px&#8220; header_6_text_shadow_blur_strength_tablet=&#8220;1px&#8220; box_shadow_horizontal_tablet=&#8220;0px&#8220; box_shadow_vertical_tablet=&#8220;0px&#8220; box_shadow_blur_tablet=&#8220;40px&#8220; box_shadow_spread_tablet=&#8220;0px&#8220; global_colors_info=&#8220;{}&#8220;]<\/p>\n<h1>Wobei hilft Venzymel?<\/h1>\n<p>[\/et_pb_text][\/et_pb_column][\/et_pb_row][et_pb_row column_structure=&#8220;3_4,1_4&#8243; use_custom_gutter=&#8220;on&#8220; _builder_version=&#8220;4.27.4&#8243; _module_preset=&#8220;default&#8220; width=&#8220;95%&#8220; custom_padding=&#8220;74px|||||&#8220; global_colors_info=&#8220;{}&#8220;][et_pb_column type=&#8220;3_4&#8243; _builder_version=&#8220;4.16&#8243; custom_padding=&#8220;|||&#8220; global_colors_info=&#8220;{}&#8220; custom_padding__hover=&#8220;|||&#8220;][et_pb_blog fullwidth=&#8220;off&#8220; posts_number=&#8220;200&#8243; include_categories=&#8220;2&#8243; show_more=&#8220;on&#8220; show_date=&#8220;off&#8220; show_categories=&#8220;off&#8220; _builder_version=&#8220;4.20.4&#8243; _module_preset=&#8220;default&#8220; header_font=&#8220;|700|||||||&#8220; body_text_color=&#8220;#000000&#8243; meta_font_size=&#8220;12px&#8220; read_more_font=&#8220;|600|||||||&#8220; read_more_text_color=&#8220;#82b15d&#8220; vertical_offset_tablet=&#8220;0&#8243; horizontal_offset_tablet=&#8220;0&#8243; z_index_tablet=&#8220;0&#8243; header_text_shadow_horizontal_length_tablet=&#8220;0px&#8220; header_text_shadow_vertical_length_tablet=&#8220;0px&#8220; header_text_shadow_blur_strength_tablet=&#8220;1px&#8220; body_text_shadow_horizontal_length_tablet=&#8220;0px&#8220; body_text_shadow_vertical_length_tablet=&#8220;0px&#8220; body_text_shadow_blur_strength_tablet=&#8220;1px&#8220; meta_text_shadow_horizontal_length_tablet=&#8220;0px&#8220; meta_text_shadow_vertical_length_tablet=&#8220;0px&#8220; meta_text_shadow_blur_strength_tablet=&#8220;1px&#8220; read_more_text_shadow_horizontal_length_tablet=&#8220;0px&#8220; read_more_text_shadow_vertical_length_tablet=&#8220;0px&#8220; read_more_text_shadow_blur_strength_tablet=&#8220;1px&#8220; pagination_text_shadow_horizontal_length_tablet=&#8220;0px&#8220; pagination_text_shadow_vertical_length_tablet=&#8220;0px&#8220; pagination_text_shadow_blur_strength_tablet=&#8220;1px&#8220; body_link_text_shadow_horizontal_length_tablet=&#8220;0px&#8220; body_link_text_shadow_vertical_length_tablet=&#8220;0px&#8220; body_link_text_shadow_blur_strength_tablet=&#8220;1px&#8220; body_ul_text_shadow_horizontal_length_tablet=&#8220;0px&#8220; body_ul_text_shadow_vertical_length_tablet=&#8220;0px&#8220; body_ul_text_shadow_blur_strength_tablet=&#8220;1px&#8220; body_ol_text_shadow_horizontal_length_tablet=&#8220;0px&#8220; body_ol_text_shadow_vertical_length_tablet=&#8220;0px&#8220; body_ol_text_shadow_blur_strength_tablet=&#8220;1px&#8220; body_quote_text_shadow_horizontal_length_tablet=&#8220;0px&#8220; body_quote_text_shadow_vertical_length_tablet=&#8220;0px&#8220; body_quote_text_shadow_blur_strength_tablet=&#8220;1px&#8220; box_shadow_horizontal_tablet=&#8220;0px&#8220; box_shadow_vertical_tablet=&#8220;0px&#8220; box_shadow_blur_tablet=&#8220;40px&#8220; box_shadow_spread_tablet=&#8220;0px&#8220; box_shadow_horizontal_image_tablet=&#8220;0px&#8220; box_shadow_vertical_image_tablet=&#8220;0px&#8220; box_shadow_blur_image_tablet=&#8220;40px&#8220; box_shadow_spread_image_tablet=&#8220;0px&#8220; text_shadow_horizontal_length_tablet=&#8220;0px&#8220; text_shadow_vertical_length_tablet=&#8220;0px&#8220; text_shadow_blur_strength_tablet=&#8220;1px&#8220; global_colors_info=&#8220;{}&#8220;][\/et_pb_blog][\/et_pb_column][et_pb_column type=&#8220;1_4&#8243; _builder_version=&#8220;4.16&#8243; custom_padding=&#8220;|||&#8220; global_colors_info=&#8220;{}&#8220; custom_padding__hover=&#8220;|||&#8220;][et_pb_sidebar orientation=&#8220;right&#8220; show_border=&#8220;off&#8220; _builder_version=&#8220;4.20.4&#8243; _module_preset=&#8220;default&#8220; module_alignment=&#8220;left&#8220; global_colors_info=&#8220;{}&#8220;][\/et_pb_sidebar][\/et_pb_column][\/et_pb_row][\/et_pb_section]<\/p>\n","protected":false},"excerpt":{"rendered":"<p>Wobei hilft Venzymel?<\/p>\n","protected":false},"author":1,"featured_media":702,"parent":0,"menu_order":0,"comment_status":"closed","ping_status":"closed","template":"","meta":{"_et_pb_use_builder":"on","_et_pb_old_content":"","_et_gb_content_width":"","footnotes":""},"class_list":["post-709","page","type-page","status-publish","has-post-thumbnail","hentry"],"yoast_head":"<!-- This site is optimized with the Yoast SEO plugin v26.6 - https:\/\/yoast.com\/wordpress\/plugins\/seo\/ -->\n<title>Wobei hilft Venzymel? - VENZYMEL<\/title>\n<meta name=\"description\" content=\"Mundgeruch, Zahnstein oder entz\u00fcndetes Zahnfleisch? Lesen Sie, wann und wie Enzyme bei der Mundhygiene Ihrer Tiere helfen.\" \/>\n<meta name=\"robots\" content=\"index, follow, max-snippet:-1, max-image-preview:large, max-video-preview:-1\" \/>\n<link rel=\"canonical\" href=\"https:\/\/www.venzymel.eu\/de\/wobei-hilft-venzymel\/\" \/>\n<meta property=\"og:locale\" content=\"de_DE\" \/>\n<meta property=\"og:type\" content=\"article\" \/>\n<meta property=\"og:title\" content=\"Wie pflegt man das Maul Ihres Haustieres?\" \/>\n<meta property=\"og:description\" content=\"Mundgeruch, Zahnstein oder entz\u00fcndetes Zahnfleisch? Lesen Sie, wann und wie Enzyme bei der Mundhygiene Ihrer Tiere helfen.\" \/>\n<meta property=\"og:url\" content=\"https:\/\/www.venzymel.eu\/de\/wobei-hilft-venzymel\/\" \/>\n<meta property=\"og:site_name\" content=\"VENZYMEL\" \/>\n<meta property=\"article:modified_time\" content=\"2025-11-23T11:30:19+00:00\" \/>\n<meta property=\"og:image\" content=\"https:\/\/www.venzymel.eu\/wp-content\/uploads\/2022\/11\/VENZYMEL_all_02-281x300.jpg\" \/>\n<meta name=\"twitter:card\" content=\"summary_large_image\" \/>\n<meta name=\"twitter:title\" content=\"Wie pflegt man das Maul Ihres Haustieres?\" \/>\n<meta name=\"twitter:description\" content=\"Mundgeruch, Zahnstein oder entz\u00fcndetes Zahnfleisch? Lesen Sie, wann und wie Enzyme bei der Mundhygiene Ihrer Tiere helfen.\" \/>\n<meta name=\"twitter:image\" content=\"https:\/\/www.venzymel.eu\/wp-content\/uploads\/2022\/11\/VENZYMEL_all_02-959x1024.jpg\" \/>\n<meta name=\"twitter:label1\" content=\"Gesch\u00e4tzte Lesezeit\" \/>\n\t<meta name=\"twitter:data1\" content=\"4\u00a0Minuten\" \/>\n<script type=\"application\/ld+json\" class=\"yoast-schema-graph\">{\"@context\":\"https:\/\/schema.org\",\"@graph\":[{\"@type\":\"WebPage\",\"@id\":\"https:\/\/www.venzymel.eu\/de\/wobei-hilft-venzymel\/\",\"url\":\"https:\/\/www.venzymel.eu\/de\/wobei-hilft-venzymel\/\",\"name\":\"Wobei hilft Venzymel? - VENZYMEL\",\"isPartOf\":{\"@id\":\"https:\/\/www.venzymel.eu\/de\/#website\"},\"primaryImageOfPage\":{\"@id\":\"https:\/\/www.venzymel.eu\/de\/wobei-hilft-venzymel\/#primaryimage\"},\"image\":{\"@id\":\"https:\/\/www.venzymel.eu\/de\/wobei-hilft-venzymel\/#primaryimage\"},\"thumbnailUrl\":\"https:\/\/www.venzymel.eu\/wp-content\/uploads\/2022\/11\/VENZYMEL_all_02.jpg\",\"datePublished\":\"2022-11-30T21:14:38+00:00\",\"dateModified\":\"2025-11-23T11:30:19+00:00\",\"description\":\"Mundgeruch, Zahnstein oder entz\u00fcndetes Zahnfleisch? Lesen Sie, wann und wie Enzyme bei der Mundhygiene Ihrer Tiere helfen.\",\"breadcrumb\":{\"@id\":\"https:\/\/www.venzymel.eu\/de\/wobei-hilft-venzymel\/#breadcrumb\"},\"inLanguage\":\"de\",\"potentialAction\":[{\"@type\":\"ReadAction\",\"target\":[\"https:\/\/www.venzymel.eu\/de\/wobei-hilft-venzymel\/\"]}]},{\"@type\":\"ImageObject\",\"inLanguage\":\"de\",\"@id\":\"https:\/\/www.venzymel.eu\/de\/wobei-hilft-venzymel\/#primaryimage\",\"url\":\"https:\/\/www.venzymel.eu\/wp-content\/uploads\/2022\/11\/VENZYMEL_all_02.jpg\",\"contentUrl\":\"https:\/\/www.venzymel.eu\/wp-content\/uploads\/2022\/11\/VENZYMEL_all_02.jpg\",\"width\":1172,\"height\":1251},{\"@type\":\"BreadcrumbList\",\"@id\":\"https:\/\/www.venzymel.eu\/de\/wobei-hilft-venzymel\/#breadcrumb\",\"itemListElement\":[{\"@type\":\"ListItem\",\"position\":1,\"name\":\"Dom\u016f\",\"item\":\"https:\/\/www.venzymel.eu\/de\/\"},{\"@type\":\"ListItem\",\"position\":2,\"name\":\"Wobei hilft Venzymel?\"}]},{\"@type\":\"WebSite\",\"@id\":\"https:\/\/www.venzymel.eu\/de\/#website\",\"url\":\"https:\/\/www.venzymel.eu\/de\/\",\"name\":\"VENZYMEL\",\"description\":\"Veterin\u00e1rn\u00ed enzymov\u00e1 p\u00e9\u010de\",\"potentialAction\":[{\"@type\":\"SearchAction\",\"target\":{\"@type\":\"EntryPoint\",\"urlTemplate\":\"https:\/\/www.venzymel.eu\/de\/?s={search_term_string}\"},\"query-input\":{\"@type\":\"PropertyValueSpecification\",\"valueRequired\":true,\"valueName\":\"search_term_string\"}}],\"inLanguage\":\"de\"}]}<\/script>\n<!-- \/ Yoast SEO plugin. -->","yoast_head_json":{"title":"Wobei hilft Venzymel? - VENZYMEL","description":"Mundgeruch, Zahnstein oder entz\u00fcndetes Zahnfleisch? Lesen Sie, wann und wie Enzyme bei der Mundhygiene Ihrer Tiere helfen.","robots":{"index":"index","follow":"follow","max-snippet":"max-snippet:-1","max-image-preview":"max-image-preview:large","max-video-preview":"max-video-preview:-1"},"canonical":"https:\/\/www.venzymel.eu\/de\/wobei-hilft-venzymel\/","og_locale":"de_DE","og_type":"article","og_title":"Wie pflegt man das Maul Ihres Haustieres?","og_description":"Mundgeruch, Zahnstein oder entz\u00fcndetes Zahnfleisch? Lesen Sie, wann und wie Enzyme bei der Mundhygiene Ihrer Tiere helfen.","og_url":"https:\/\/www.venzymel.eu\/de\/wobei-hilft-venzymel\/","og_site_name":"VENZYMEL","article_modified_time":"2025-11-23T11:30:19+00:00","og_image":[{"url":"https:\/\/www.venzymel.eu\/wp-content\/uploads\/2022\/11\/VENZYMEL_all_02-281x300.jpg","type":"","width":"","height":""}],"twitter_card":"summary_large_image","twitter_title":"Wie pflegt man das Maul Ihres Haustieres?","twitter_description":"Mundgeruch, Zahnstein oder entz\u00fcndetes Zahnfleisch? Lesen Sie, wann und wie Enzyme bei der Mundhygiene Ihrer Tiere helfen.","twitter_image":"https:\/\/www.venzymel.eu\/wp-content\/uploads\/2022\/11\/VENZYMEL_all_02-959x1024.jpg","twitter_misc":{"Gesch\u00e4tzte Lesezeit":"4\u00a0Minuten"},"schema":{"@context":"https:\/\/schema.org","@graph":[{"@type":"WebPage","@id":"https:\/\/www.venzymel.eu\/de\/wobei-hilft-venzymel\/","url":"https:\/\/www.venzymel.eu\/de\/wobei-hilft-venzymel\/","name":"Wobei hilft Venzymel? - VENZYMEL","isPartOf":{"@id":"https:\/\/www.venzymel.eu\/de\/#website"},"primaryImageOfPage":{"@id":"https:\/\/www.venzymel.eu\/de\/wobei-hilft-venzymel\/#primaryimage"},"image":{"@id":"https:\/\/www.venzymel.eu\/de\/wobei-hilft-venzymel\/#primaryimage"},"thumbnailUrl":"https:\/\/www.venzymel.eu\/wp-content\/uploads\/2022\/11\/VENZYMEL_all_02.jpg","datePublished":"2022-11-30T21:14:38+00:00","dateModified":"2025-11-23T11:30:19+00:00","description":"Mundgeruch, Zahnstein oder entz\u00fcndetes Zahnfleisch? Lesen Sie, wann und wie Enzyme bei der Mundhygiene Ihrer Tiere helfen.","breadcrumb":{"@id":"https:\/\/www.venzymel.eu\/de\/wobei-hilft-venzymel\/#breadcrumb"},"inLanguage":"de","potentialAction":[{"@type":"ReadAction","target":["https:\/\/www.venzymel.eu\/de\/wobei-hilft-venzymel\/"]}]},{"@type":"ImageObject","inLanguage":"de","@id":"https:\/\/www.venzymel.eu\/de\/wobei-hilft-venzymel\/#primaryimage","url":"https:\/\/www.venzymel.eu\/wp-content\/uploads\/2022\/11\/VENZYMEL_all_02.jpg","contentUrl":"https:\/\/www.venzymel.eu\/wp-content\/uploads\/2022\/11\/VENZYMEL_all_02.jpg","width":1172,"height":1251},{"@type":"BreadcrumbList","@id":"https:\/\/www.venzymel.eu\/de\/wobei-hilft-venzymel\/#breadcrumb","itemListElement":[{"@type":"ListItem","position":1,"name":"Dom\u016f","item":"https:\/\/www.venzymel.eu\/de\/"},{"@type":"ListItem","position":2,"name":"Wobei hilft Venzymel?"}]},{"@type":"WebSite","@id":"https:\/\/www.venzymel.eu\/de\/#website","url":"https:\/\/www.venzymel.eu\/de\/","name":"VENZYMEL","description":"Veterin\u00e1rn\u00ed enzymov\u00e1 p\u00e9\u010de","potentialAction":[{"@type":"SearchAction","target":{"@type":"EntryPoint","urlTemplate":"https:\/\/www.venzymel.eu\/de\/?s={search_term_string}"},"query-input":{"@type":"PropertyValueSpecification","valueRequired":true,"valueName":"search_term_string"}}],"inLanguage":"de"}]}},"_links":{"self":[{"href":"https:\/\/www.venzymel.eu\/de\/wp-json\/wp\/v2\/pages\/709","targetHints":{"allow":["GET"]}}],"collection":[{"href":"https:\/\/www.venzymel.eu\/de\/wp-json\/wp\/v2\/pages"}],"about":[{"href":"https:\/\/www.venzymel.eu\/de\/wp-json\/wp\/v2\/types\/page"}],"author":[{"embeddable":true,"href":"https:\/\/www.venzymel.eu\/de\/wp-json\/wp\/v2\/users\/1"}],"replies":[{"embeddable":true,"href":"https:\/\/www.venzymel.eu\/de\/wp-json\/wp\/v2\/comments?post=709"}],"version-history":[{"count":2,"href":"https:\/\/www.venzymel.eu\/de\/wp-json\/wp\/v2\/pages\/709\/revisions"}],"predecessor-version":[{"id":711,"href":"https:\/\/www.venzymel.eu\/de\/wp-json\/wp\/v2\/pages\/709\/revisions\/711"}],"wp:featuredmedia":[{"embeddable":true,"href":"https:\/\/www.venzymel.eu\/de\/wp-json\/wp\/v2\/media\/702"}],"wp:attachment":[{"href":"https:\/\/www.venzymel.eu\/de\/wp-json\/wp\/v2\/media?parent=709"}],"curies":[{"name":"wp","href":"https:\/\/api.w.org\/{rel}","templated":true}]}}