{"id":715,"date":"2023-04-19T22:58:55","date_gmt":"2023-04-19T20:58:55","guid":{"rendered":"https:\/\/www.venzymel.eu\/kontakt\/"},"modified":"2025-11-23T12:59:17","modified_gmt":"2025-11-23T11:59:17","slug":"kontakt","status":"publish","type":"page","link":"https:\/\/www.venzymel.eu\/pl\/kontakt\/","title":{"rendered":"Kontakt"},"content":{"rendered":"<p>[et_pb_section fb_built=&#8221;1&#8243; admin_label=&#8221;Features&#8221; _builder_version=&#8221;4.18.0&#8243; _module_preset=&#8221;default&#8221; background_color=&#8221;#f6f6f6&#8243; custom_padding=&#8221;4vw||4vw||true|false&#8221; locked=&#8221;off&#8221; global_colors_info=&#8221;{}&#8221;][et_pb_row _builder_version=&#8221;4.19.0&#8243; _module_preset=&#8221;default&#8221; custom_margin_tablet=&#8221;&#8221; custom_margin_phone=&#8221;&#8221; custom_margin_last_edited=&#8221;on|phone&#8221; custom_padding=&#8221;||0px||false|false&#8221; global_colors_info=&#8221;{}&#8221;][et_pb_column type=&#8221;4_4&#8243; _builder_version=&#8221;4.16&#8243; _module_preset=&#8221;default&#8221; custom_padding=&#8221;||40px||false|false&#8221; global_colors_info=&#8221;{}&#8221;][et_pb_text _builder_version=&#8221;4.20.4&#8243; _module_preset=&#8221;default&#8221; header_font=&#8221;|700|||||||&#8221; header_text_align=&#8221;center&#8221; header_text_color=&#8221;#000000&#8243; header_font_size=&#8221;40px&#8221; vertical_offset_tablet=&#8221;0&#8243; horizontal_offset_tablet=&#8221;0&#8243; header_font_size_tablet=&#8221;&#8221; header_font_size_phone=&#8221;30px&#8221; header_font_size_last_edited=&#8221;on|phone&#8221; z_index_tablet=&#8221;0&#8243; text_text_shadow_horizontal_length_tablet=&#8221;0px&#8221; text_text_shadow_vertical_length_tablet=&#8221;0px&#8221; text_text_shadow_blur_strength_tablet=&#8221;1px&#8221; link_text_shadow_horizontal_length_tablet=&#8221;0px&#8221; link_text_shadow_vertical_length_tablet=&#8221;0px&#8221; link_text_shadow_blur_strength_tablet=&#8221;1px&#8221; ul_text_shadow_horizontal_length_tablet=&#8221;0px&#8221; ul_text_shadow_vertical_length_tablet=&#8221;0px&#8221; ul_text_shadow_blur_strength_tablet=&#8221;1px&#8221; ol_text_shadow_horizontal_length_tablet=&#8221;0px&#8221; ol_text_shadow_vertical_length_tablet=&#8221;0px&#8221; ol_text_shadow_blur_strength_tablet=&#8221;1px&#8221; quote_text_shadow_horizontal_length_tablet=&#8221;0px&#8221; quote_text_shadow_vertical_length_tablet=&#8221;0px&#8221; quote_text_shadow_blur_strength_tablet=&#8221;1px&#8221; header_text_shadow_horizontal_length_tablet=&#8221;0px&#8221; header_text_shadow_vertical_length_tablet=&#8221;0px&#8221; header_text_shadow_blur_strength_tablet=&#8221;1px&#8221; header_2_text_shadow_horizontal_length_tablet=&#8221;0px&#8221; header_2_text_shadow_vertical_length_tablet=&#8221;0px&#8221; header_2_text_shadow_blur_strength_tablet=&#8221;1px&#8221; header_3_text_shadow_horizontal_length_tablet=&#8221;0px&#8221; header_3_text_shadow_vertical_length_tablet=&#8221;0px&#8221; header_3_text_shadow_blur_strength_tablet=&#8221;1px&#8221; header_4_text_shadow_horizontal_length_tablet=&#8221;0px&#8221; header_4_text_shadow_vertical_length_tablet=&#8221;0px&#8221; header_4_text_shadow_blur_strength_tablet=&#8221;1px&#8221; header_5_text_shadow_horizontal_length_tablet=&#8221;0px&#8221; header_5_text_shadow_vertical_length_tablet=&#8221;0px&#8221; header_5_text_shadow_blur_strength_tablet=&#8221;1px&#8221; header_6_text_shadow_horizontal_length_tablet=&#8221;0px&#8221; header_6_text_shadow_vertical_length_tablet=&#8221;0px&#8221; header_6_text_shadow_blur_strength_tablet=&#8221;1px&#8221; box_shadow_horizontal_tablet=&#8221;0px&#8221; box_shadow_vertical_tablet=&#8221;0px&#8221; box_shadow_blur_tablet=&#8221;40px&#8221; box_shadow_spread_tablet=&#8221;0px&#8221; global_colors_info=&#8221;{}&#8221;]<\/p>\n<h1>Kontakt<\/h1>\n<p>[\/et_pb_text][\/et_pb_column][\/et_pb_row][\/et_pb_section][et_pb_section fb_built=&#8221;1&#8243; admin_label=&#8221;Header&#8221; _builder_version=&#8221;4.18.1&#8243; _module_preset=&#8221;default&#8221; background_position=&#8221;top_center&#8221; overflow-x=&#8221;hidden&#8221; overflow-y=&#8221;hidden&#8221; custom_padding=&#8221;4vh||4vh||true|false&#8221; locked=&#8221;off&#8221; global_colors_info=&#8221;{}&#8221;][et_pb_row _builder_version=&#8221;4.27.4&#8243; _module_preset=&#8221;default&#8221; hover_enabled=&#8221;0&#8243; global_colors_info=&#8221;{}&#8221; width=&#8221;95%&#8221; width_last_edited=&#8221;on|phone&#8221; sticky_enabled=&#8221;0&#8243; width_phone=&#8221;90%&#8221; width_tablet=&#8221;95%&#8221;][et_pb_column type=&#8221;4_4&#8243; _builder_version=&#8221;4.16&#8243; custom_padding=&#8221;|||&#8221; global_colors_info=&#8221;{}&#8221; custom_padding__hover=&#8221;|||&#8221;][et_pb_text _builder_version=&#8221;4.27.4&#8243; _module_preset=&#8221;default&#8221; hover_enabled=&#8221;0&#8243; global_colors_info=&#8221;{}&#8221; sticky_enabled=&#8221;0&#8243;]<strong>WALD PHARMACEUTICALS<\/strong><\/p>\n<p><a href=\"info@waldpharma.cz\">info@waldpharma.cz<\/a><br \/>\n<a href=\"objednavky@waldpharma.cz\">objednavky@waldpharma.cz<\/a><\/p>\n<p>+420 725 111 900<\/p>\n<p><a href=\"https:\/\/www.venzymel.eu\/pl\/\" target=\"_blank\" rel=\"noopener\">www.venzymel.eu<\/a> | <a href=\"https:\/\/www.enzymel.cz\/\" target=\"_blank\" rel=\"noopener\">www.enzymel.cz<\/a> | <a href=\"https:\/\/www.dropzym.cz\/\" target=\"_blank\" rel=\"noopener\">www.dropzym.cz<\/a> | <a href=\"https:\/\/www.enzymyprozdravi.cz\/\" target=\"_blank\" rel=\"noopener\">www.enzymyprozdravi.cz<\/a><\/p>\n<p><strong>Dane do faktury dla Republiki Czeskiej<\/strong><br \/>\nWald Pharmaceuticals, s.r.o.<br \/>\nNIP: 24291579 | VAT UE: CZ24291579<br \/>\nD\u011btsk\u00e1 2445\/37, Praha 10, 100 00<\/p>\n<p><strong>Adres kontaktowy:<\/strong><br \/>\n<strong>Siedziba:<\/strong> Wald Pharmaceuticals, area\u0142 JASA, K\u0159i\u017e\u00edkova 2081, Bene\u0161ov 256 01[\/et_pb_text][et_pb_text _builder_version=&#8221;4.27.4&#8243; _module_preset=&#8221;default&#8221; hover_enabled=&#8221;0&#8243; global_colors_info=&#8221;{}&#8221; sticky_enabled=&#8221;0&#8243;]<strong>Adres korespondencyjny:<\/strong><br \/>\nWald Pharmaceuticals s.r.o.<br \/>\nU Hranic 16<br \/>\n100 00 Praha 10 \u2013 Stra\u0161nice[\/et_pb_text][\/et_pb_column][\/et_pb_row][\/et_pb_section]<\/p>\n","protected":false},"excerpt":{"rendered":"<p>KontaktWALD PHARMACEUTICALS info@waldpharma.cz objednavky@waldpharma.cz +420 725 111 900 www.venzymel.eu | www.enzymel.cz | www.dropzym.cz | www.enzymyprozdravi.cz Dane do faktury dla Republiki Czeskiej Wald Pharmaceuticals, s.r.o. NIP: 24291579 | VAT UE: CZ24291579 D\u011btsk\u00e1 2445\/37, Praha 10, 100 00 Adres kontaktowy: Siedziba: Wald Pharmaceuticals, area\u0142 JASA, K\u0159i\u017e\u00edkova 2081, Bene\u0161ov 256 01Adres korespondencyjny: Wald Pharmaceuticals s.r.o. U Hranic 16 [&hellip;]<\/p>\n","protected":false},"author":1,"featured_media":0,"parent":0,"menu_order":0,"comment_status":"closed","ping_status":"closed","template":"","meta":{"_et_pb_use_builder":"on","_et_pb_old_content":"","_et_gb_content_width":"","footnotes":""},"class_list":["post-715","page","type-page","status-publish","hentry"],"yoast_head":"<!-- This site is optimized with the Yoast SEO plugin v26.6 - https:\/\/yoast.com\/wordpress\/plugins\/seo\/ -->\n<title>Kontakt - VENZYMEL<\/title>\n<meta name=\"robots\" content=\"index, follow, max-snippet:-1, max-image-preview:large, max-video-preview:-1\" \/>\n<link rel=\"canonical\" href=\"https:\/\/www.venzymel.eu\/pl\/kontakt\/\" \/>\n<meta property=\"og:locale\" content=\"pl_PL\" \/>\n<meta property=\"og:type\" content=\"article\" \/>\n<meta property=\"og:title\" content=\"Kontakt - VENZYMEL\" \/>\n<meta property=\"og:description\" content=\"KontaktWALD PHARMACEUTICALS info@waldpharma.cz objednavky@waldpharma.cz +420 725 111 900 www.venzymel.eu | www.enzymel.cz | www.dropzym.cz | www.enzymyprozdravi.cz Dane do faktury dla Republiki Czeskiej Wald Pharmaceuticals, s.r.o. NIP: 24291579 | VAT UE: CZ24291579 D\u011btsk\u00e1 2445\/37, Praha 10, 100 00 Adres kontaktowy: Siedziba: Wald Pharmaceuticals, area\u0142 JASA, K\u0159i\u017e\u00edkova 2081, Bene\u0161ov 256 01Adres korespondencyjny: Wald Pharmaceuticals s.r.o. U Hranic 16 [&hellip;]\" \/>\n<meta property=\"og:url\" content=\"https:\/\/www.venzymel.eu\/pl\/kontakt\/\" \/>\n<meta property=\"og:site_name\" content=\"VENZYMEL\" \/>\n<meta property=\"article:modified_time\" content=\"2025-11-23T11:59:17+00:00\" \/>\n<meta name=\"twitter:card\" content=\"summary_large_image\" \/>\n<meta name=\"twitter:label1\" content=\"Szacowany czas czytania\" \/>\n\t<meta name=\"twitter:data1\" content=\"3 minuty\" \/>\n<script type=\"application\/ld+json\" class=\"yoast-schema-graph\">{\"@context\":\"https:\/\/schema.org\",\"@graph\":[{\"@type\":\"WebPage\",\"@id\":\"https:\/\/www.venzymel.eu\/pl\/kontakt\/\",\"url\":\"https:\/\/www.venzymel.eu\/pl\/kontakt\/\",\"name\":\"Kontakt - VENZYMEL\",\"isPartOf\":{\"@id\":\"https:\/\/www.venzymel.eu\/pl\/#website\"},\"datePublished\":\"2023-04-19T20:58:55+00:00\",\"dateModified\":\"2025-11-23T11:59:17+00:00\",\"breadcrumb\":{\"@id\":\"https:\/\/www.venzymel.eu\/pl\/kontakt\/#breadcrumb\"},\"inLanguage\":\"pl-PL\",\"potentialAction\":[{\"@type\":\"ReadAction\",\"target\":[\"https:\/\/www.venzymel.eu\/pl\/kontakt\/\"]}]},{\"@type\":\"BreadcrumbList\",\"@id\":\"https:\/\/www.venzymel.eu\/pl\/kontakt\/#breadcrumb\",\"itemListElement\":[{\"@type\":\"ListItem\",\"position\":1,\"name\":\"Dom\u016f\",\"item\":\"https:\/\/www.venzymel.eu\/pl\/\"},{\"@type\":\"ListItem\",\"position\":2,\"name\":\"Kontakt\"}]},{\"@type\":\"WebSite\",\"@id\":\"https:\/\/www.venzymel.eu\/pl\/#website\",\"url\":\"https:\/\/www.venzymel.eu\/pl\/\",\"name\":\"VENZYMEL\",\"description\":\"Veterin\u00e1rn\u00ed enzymov\u00e1 p\u00e9\u010de\",\"potentialAction\":[{\"@type\":\"SearchAction\",\"target\":{\"@type\":\"EntryPoint\",\"urlTemplate\":\"https:\/\/www.venzymel.eu\/pl\/?s={search_term_string}\"},\"query-input\":{\"@type\":\"PropertyValueSpecification\",\"valueRequired\":true,\"valueName\":\"search_term_string\"}}],\"inLanguage\":\"pl-PL\"}]}<\/script>\n<!-- \/ Yoast SEO plugin. -->","yoast_head_json":{"title":"Kontakt - VENZYMEL","robots":{"index":"index","follow":"follow","max-snippet":"max-snippet:-1","max-image-preview":"max-image-preview:large","max-video-preview":"max-video-preview:-1"},"canonical":"https:\/\/www.venzymel.eu\/pl\/kontakt\/","og_locale":"pl_PL","og_type":"article","og_title":"Kontakt - VENZYMEL","og_description":"KontaktWALD PHARMACEUTICALS info@waldpharma.cz objednavky@waldpharma.cz +420 725 111 900 www.venzymel.eu | www.enzymel.cz | www.dropzym.cz | www.enzymyprozdravi.cz Dane do faktury dla Republiki Czeskiej Wald Pharmaceuticals, s.r.o. NIP: 24291579 | VAT UE: CZ24291579 D\u011btsk\u00e1 2445\/37, Praha 10, 100 00 Adres kontaktowy: Siedziba: Wald Pharmaceuticals, area\u0142 JASA, K\u0159i\u017e\u00edkova 2081, Bene\u0161ov 256 01Adres korespondencyjny: Wald Pharmaceuticals s.r.o. U Hranic 16 [&hellip;]","og_url":"https:\/\/www.venzymel.eu\/pl\/kontakt\/","og_site_name":"VENZYMEL","article_modified_time":"2025-11-23T11:59:17+00:00","twitter_card":"summary_large_image","twitter_misc":{"Szacowany czas czytania":"3 minuty"},"schema":{"@context":"https:\/\/schema.org","@graph":[{"@type":"WebPage","@id":"https:\/\/www.venzymel.eu\/pl\/kontakt\/","url":"https:\/\/www.venzymel.eu\/pl\/kontakt\/","name":"Kontakt - VENZYMEL","isPartOf":{"@id":"https:\/\/www.venzymel.eu\/pl\/#website"},"datePublished":"2023-04-19T20:58:55+00:00","dateModified":"2025-11-23T11:59:17+00:00","breadcrumb":{"@id":"https:\/\/www.venzymel.eu\/pl\/kontakt\/#breadcrumb"},"inLanguage":"pl-PL","potentialAction":[{"@type":"ReadAction","target":["https:\/\/www.venzymel.eu\/pl\/kontakt\/"]}]},{"@type":"BreadcrumbList","@id":"https:\/\/www.venzymel.eu\/pl\/kontakt\/#breadcrumb","itemListElement":[{"@type":"ListItem","position":1,"name":"Dom\u016f","item":"https:\/\/www.venzymel.eu\/pl\/"},{"@type":"ListItem","position":2,"name":"Kontakt"}]},{"@type":"WebSite","@id":"https:\/\/www.venzymel.eu\/pl\/#website","url":"https:\/\/www.venzymel.eu\/pl\/","name":"VENZYMEL","description":"Veterin\u00e1rn\u00ed enzymov\u00e1 p\u00e9\u010de","potentialAction":[{"@type":"SearchAction","target":{"@type":"EntryPoint","urlTemplate":"https:\/\/www.venzymel.eu\/pl\/?s={search_term_string}"},"query-input":{"@type":"PropertyValueSpecification","valueRequired":true,"valueName":"search_term_string"}}],"inLanguage":"pl-PL"}]}},"_links":{"self":[{"href":"https:\/\/www.venzymel.eu\/pl\/wp-json\/wp\/v2\/pages\/715","targetHints":{"allow":["GET"]}}],"collection":[{"href":"https:\/\/www.venzymel.eu\/pl\/wp-json\/wp\/v2\/pages"}],"about":[{"href":"https:\/\/www.venzymel.eu\/pl\/wp-json\/wp\/v2\/types\/page"}],"author":[{"embeddable":true,"href":"https:\/\/www.venzymel.eu\/pl\/wp-json\/wp\/v2\/users\/1"}],"replies":[{"embeddable":true,"href":"https:\/\/www.venzymel.eu\/pl\/wp-json\/wp\/v2\/comments?post=715"}],"version-history":[{"count":2,"href":"https:\/\/www.venzymel.eu\/pl\/wp-json\/wp\/v2\/pages\/715\/revisions"}],"predecessor-version":[{"id":717,"href":"https:\/\/www.venzymel.eu\/pl\/wp-json\/wp\/v2\/pages\/715\/revisions\/717"}],"wp:attachment":[{"href":"https:\/\/www.venzymel.eu\/pl\/wp-json\/wp\/v2\/media?parent=715"}],"curies":[{"name":"wp","href":"https:\/\/api.w.org\/{rel}","templated":true}]}}