{"id":725,"date":"2025-11-21T10:40:29","date_gmt":"2025-11-21T09:40:29","guid":{"rendered":"https:\/\/www.venzymel.eu\/oswiadczenie-o-dostepnosci\/"},"modified":"2025-11-23T13:41:27","modified_gmt":"2025-11-23T12:41:27","slug":"oswiadczenie-o-dostepnosci","status":"publish","type":"page","link":"https:\/\/www.venzymel.eu\/pl\/oswiadczenie-o-dostepnosci\/","title":{"rendered":"O\u015bwiadczenie o dost\u0119pno\u015bci"},"content":{"rendered":"<p>[et_pb_section fb_built=&#8221;1&#8243; admin_label=&#8221;Features&#8221; _builder_version=&#8221;4.18.0&#8243; _module_preset=&#8221;default&#8221; background_color=&#8221;#f6f6f6&#8243; custom_padding=&#8221;4vw||4vw||true|false&#8221; locked=&#8221;off&#8221; global_colors_info=&#8221;{}&#8221; theme_builder_area=&#8221;post_content&#8221;][et_pb_row use_custom_gutter=&#8221;on&#8221; _builder_version=&#8221;4.27.4&#8243; _module_preset=&#8221;default&#8221; width=&#8221;95%&#8221; custom_margin_tablet=&#8221;&#8221; custom_margin_phone=&#8221;&#8221; custom_margin_last_edited=&#8221;on|phone&#8221; custom_padding=&#8221;||0px||false|false&#8221; global_colors_info=&#8221;{}&#8221; theme_builder_area=&#8221;post_content&#8221;][et_pb_column type=&#8221;4_4&#8243; _builder_version=&#8221;4.16&#8243; _module_preset=&#8221;default&#8221; custom_padding=&#8221;||40px||false|false&#8221; global_colors_info=&#8221;{}&#8221; theme_builder_area=&#8221;post_content&#8221;][et_pb_text _builder_version=&#8221;4.27.4&#8243; _module_preset=&#8221;default&#8221; header_font=&#8221;|700|||||||&#8221; header_text_align=&#8221;center&#8221; header_text_color=&#8221;#000000&#8243; header_font_size=&#8221;40px&#8221; vertical_offset_tablet=&#8221;0&#8243; horizontal_offset_tablet=&#8221;0&#8243; hover_enabled=&#8221;0&#8243; header_font_size_tablet=&#8221;&#8221; header_font_size_phone=&#8221;30px&#8221; header_font_size_last_edited=&#8221;on|phone&#8221; z_index_tablet=&#8221;0&#8243; text_text_shadow_horizontal_length_tablet=&#8221;0px&#8221; text_text_shadow_vertical_length_tablet=&#8221;0px&#8221; text_text_shadow_blur_strength_tablet=&#8221;1px&#8221; link_text_shadow_horizontal_length_tablet=&#8221;0px&#8221; link_text_shadow_vertical_length_tablet=&#8221;0px&#8221; link_text_shadow_blur_strength_tablet=&#8221;1px&#8221; ul_text_shadow_horizontal_length_tablet=&#8221;0px&#8221; ul_text_shadow_vertical_length_tablet=&#8221;0px&#8221; ul_text_shadow_blur_strength_tablet=&#8221;1px&#8221; ol_text_shadow_horizontal_length_tablet=&#8221;0px&#8221; ol_text_shadow_vertical_length_tablet=&#8221;0px&#8221; ol_text_shadow_blur_strength_tablet=&#8221;1px&#8221; quote_text_shadow_horizontal_length_tablet=&#8221;0px&#8221; quote_text_shadow_vertical_length_tablet=&#8221;0px&#8221; quote_text_shadow_blur_strength_tablet=&#8221;1px&#8221; header_text_shadow_horizontal_length_tablet=&#8221;0px&#8221; header_text_shadow_vertical_length_tablet=&#8221;0px&#8221; header_text_shadow_blur_strength_tablet=&#8221;1px&#8221; header_2_text_shadow_horizontal_length_tablet=&#8221;0px&#8221; header_2_text_shadow_vertical_length_tablet=&#8221;0px&#8221; header_2_text_shadow_blur_strength_tablet=&#8221;1px&#8221; header_3_text_shadow_horizontal_length_tablet=&#8221;0px&#8221; header_3_text_shadow_vertical_length_tablet=&#8221;0px&#8221; header_3_text_shadow_blur_strength_tablet=&#8221;1px&#8221; header_4_text_shadow_horizontal_length_tablet=&#8221;0px&#8221; header_4_text_shadow_vertical_length_tablet=&#8221;0px&#8221; header_4_text_shadow_blur_strength_tablet=&#8221;1px&#8221; header_5_text_shadow_horizontal_length_tablet=&#8221;0px&#8221; header_5_text_shadow_vertical_length_tablet=&#8221;0px&#8221; header_5_text_shadow_blur_strength_tablet=&#8221;1px&#8221; header_6_text_shadow_horizontal_length_tablet=&#8221;0px&#8221; header_6_text_shadow_vertical_length_tablet=&#8221;0px&#8221; header_6_text_shadow_blur_strength_tablet=&#8221;1px&#8221; box_shadow_horizontal_tablet=&#8221;0px&#8221; box_shadow_vertical_tablet=&#8221;0px&#8221; box_shadow_blur_tablet=&#8221;40px&#8221; box_shadow_spread_tablet=&#8221;0px&#8221; global_colors_info=&#8221;{}&#8221; theme_builder_area=&#8221;post_content&#8221; text_orientation=&#8221;center&#8221; sticky_enabled=&#8221;0&#8243;]<\/p>\n<h1>O\u015bwiadczenie o dost\u0119pno\u015bci<\/h1>\n<p>strony www.venzymel.cz[\/et_pb_text][\/et_pb_column][\/et_pb_row][\/et_pb_section][et_pb_section fb_built=&#8221;1&#8243; admin_label=&#8221;Header&#8221; _builder_version=&#8221;4.18.1&#8243; _module_preset=&#8221;default&#8221; background_position=&#8221;top_center&#8221; overflow-x=&#8221;hidden&#8221; overflow-y=&#8221;hidden&#8221; custom_padding=&#8221;4vh||4vh||true|false&#8221; locked=&#8221;off&#8221; global_colors_info=&#8221;{}&#8221; theme_builder_area=&#8221;post_content&#8221;][et_pb_row use_custom_gutter=&#8221;on&#8221; custom_padding_last_edited=&#8221;on|phone&#8221; _builder_version=&#8221;4.27.4&#8243; _module_preset=&#8221;default&#8221; width=&#8221;95%&#8221; custom_padding_tablet=&#8221;&#8221; custom_padding_phone=&#8221;|20px||20px|false|true&#8221; global_colors_info=&#8221;{}&#8221; theme_builder_area=&#8221;post_content&#8221;][et_pb_column type=&#8221;4_4&#8243; _builder_version=&#8221;4.16&#8243; custom_padding=&#8221;|||&#8221; global_colors_info=&#8221;{}&#8221; custom_padding__hover=&#8221;|||&#8221; theme_builder_area=&#8221;post_content&#8221;][et_pb_text _builder_version=&#8221;4.27.4&#8243; _module_preset=&#8221;default&#8221; hover_enabled=&#8221;0&#8243; global_colors_info=&#8221;{}&#8221; theme_builder_area=&#8221;post_content&#8221; sticky_enabled=&#8221;0&#8243;]<\/p>\n<p>Ostatnia aktualizacja: 1 pa\u017adziernika 2025<\/p>\n<p>Firma Wald Pharmaceuticals s.r.o. zobowi\u0105zuje si\u0119 zapewni\u0107 maksymaln\u0105 dost\u0119pno\u015b\u0107 swoich stron internetowych zgodnie z ustaw\u0105 nr 99\/2019 Sb., o dost\u0119pno\u015bci stron internetowych i aplikacji mobilnych, oraz z normami wynikaj\u0105cymi z Wytycznych dotycz\u0105cych dost\u0119pno\u015bci tre\u015bci internetowych (Web Content Accessibility Guidelines \u2013 WCAG) 2.2, poziom AA.<br \/>Naszym celem jest dostarczanie tre\u015bci internetowych dost\u0119pnych dla wszystkich u\u017cytkownik\u00f3w, w tym os\u00f3b z niepe\u0142nosprawno\u015bciami.<\/p>\n<p>1. Stan zgodno\u015bci<\/p>\n<p>Strona internetowa www.venzymel.cz jest cz\u0119\u015bciowo zgodna z wymaganiami WCAG 2.2 na poziomie AA. Oznacza to, \u017ce niekt\u00f3re cz\u0119\u015bci tre\u015bci mog\u0105 nie by\u0107 w pe\u0142ni dost\u0119pne.<\/p>\n<p>2. \u015arodki wspieraj\u0105ce dost\u0119pno\u015b\u0107<\/p>\n<p>W celu zapewnienia dost\u0119pno\u015bci strony stosujemy nast\u0119puj\u0105ce \u015brodki:<\/p>\n<p>ci\u0105g\u0142e usuwanie barier w dost\u0119pno\u015bci,<br \/>testowanie wybranych stron z wykorzystaniem technologii wspomagaj\u0105cych,<br \/>regularne szkolenia os\u00f3b zaanga\u017cowanych w zarz\u0105dzanie stron\u0105,<br \/>wsp\u00f3\u0142praca ze specjalistami w dziedzinie dost\u0119pno\u015bci cyfrowej.<br \/>3. Znane ograniczenia<\/p>\n<p>Pomimo naszych stara\u0144 na stronie mog\u0105 utrzymywa\u0107 si\u0119 nast\u0119puj\u0105ce niedoci\u0105gni\u0119cia: niekt\u00f3re dokumenty w formacie PDF mog\u0105 nie by\u0107 w pe\u0142ni dost\u0119pne (brak struktury, teksty alternatywne), cz\u0119\u015b\u0107 tre\u015bci wideo i audio mo\u017ce nie mie\u0107 napis\u00f3w lub transkrypcji, niekt\u00f3re strony mog\u0105 mie\u0107 niewystarczaj\u0105cy kontrast kolor\u00f3w, w niekt\u00f3rych przypadkach nag\u0142\u00f3wki i struktura tre\u015bci mog\u0105 nie przestrzega\u0107 w\u0142a\u015bciwej hierarchii, bardziej z\u0142o\u017cone tabele mog\u0105 nie mie\u0107 kompletnych nag\u0142\u00f3wk\u00f3w i atrybut\u00f3w zakresu.<\/p>\n<p>B\u0119dziemy wdzi\u0119czni za wszelkie opinie, kt\u00f3re pomog\u0105 nam usun\u0105\u0107 te niedoci\u0105gni\u0119cia.<\/p>\n<p>4. Kompatybilno\u015b\u0107 z przegl\u0105darkami i technologiami<\/p>\n<p>Strona jest zaprojektowana tak, aby by\u0142a kompatybilna z powszechnie u\u017cywanymi technologiami wspomagaj\u0105cymi (czytniki ekranu, oprogramowanie powi\u0119kszaj\u0105ce) i nowoczesnymi przegl\u0105darkami. Dla najlepszego do\u015bwiadczenia u\u017cytkownika zalecamy korzystanie z aktualnych wersji przegl\u0105darek Chrome, Firefox, Safari lub Edge.<\/p>\n<p>5. Procedura sk\u0142adania wniosk\u00f3w i uwag<\/p>\n<p>Je\u015bli podczas korzystania ze strony napotkasz problem z dost\u0119pno\u015bci\u0105, skontaktuj si\u0119 z nami na e-mail: info@waldpharma.cz. B\u0119dziemy stara\u0107 si\u0119 reagowa\u0107 na twoje wnioski bez zb\u0119dnej zw\u0142oki i znajdziemy odpowiednie rozwi\u0105zanie.<\/p>\n<p>6. Procedura dochodzenia praw<\/p>\n<p>Je\u015bli nie b\u0119dziesz zadowolony z naszego rozwi\u0105zania, mo\u017cesz zwr\u00f3ci\u0107 si\u0119 do:<\/p>\n<p>Ministerstwo Spraw Wewn\u0119trznych \u010cR<br \/>wydzia\u0142 eGovernment<br \/>n\u00e1m\u011bst\u00ed Hrdin\u016f 1634\/3, 140 21 Praha 4<br \/>e-mail: posta@mvcr.cz<br \/>www.mvcr.cz<\/p>\n<p>[\/et_pb_text][\/et_pb_column][\/et_pb_row][\/et_pb_section]<\/p>\n","protected":false},"excerpt":{"rendered":"<p>O\u015bwiadczenie o dost\u0119pno\u015bci strony www.venzymel.czOstatnia aktualizacja: 1 pa\u017adziernika 2025 Firma Wald Pharmaceuticals s.r.o. zobowi\u0105zuje si\u0119 zapewni\u0107 maksymaln\u0105 dost\u0119pno\u015b\u0107 swoich stron internetowych zgodnie z ustaw\u0105 nr 99\/2019 Sb., o dost\u0119pno\u015bci stron internetowych i aplikacji mobilnych, oraz z normami wynikaj\u0105cymi z Wytycznych dotycz\u0105cych dost\u0119pno\u015bci tre\u015bci internetowych (Web Content Accessibility Guidelines \u2013 WCAG) 2.2, poziom AA.Naszym celem jest [&hellip;]<\/p>\n","protected":false},"author":1,"featured_media":0,"parent":0,"menu_order":0,"comment_status":"closed","ping_status":"closed","template":"","meta":{"_et_pb_use_builder":"on","_et_pb_old_content":"","_et_gb_content_width":"","footnotes":""},"class_list":["post-725","page","type-page","status-publish","hentry"],"yoast_head":"<!-- This site is optimized with the Yoast SEO plugin v26.6 - https:\/\/yoast.com\/wordpress\/plugins\/seo\/ -->\n<title>O\u015bwiadczenie o dost\u0119pno\u015bci - VENZYMEL<\/title>\n<meta name=\"robots\" content=\"index, follow, max-snippet:-1, max-image-preview:large, max-video-preview:-1\" \/>\n<link rel=\"canonical\" href=\"https:\/\/www.venzymel.eu\/pl\/oswiadczenie-o-dostepnosci\/\" \/>\n<meta property=\"og:locale\" content=\"pl_PL\" \/>\n<meta property=\"og:type\" content=\"article\" \/>\n<meta property=\"og:title\" content=\"O\u015bwiadczenie o dost\u0119pno\u015bci - VENZYMEL\" \/>\n<meta property=\"og:description\" content=\"O\u015bwiadczenie o dost\u0119pno\u015bci strony www.venzymel.czOstatnia aktualizacja: 1 pa\u017adziernika 2025 Firma Wald Pharmaceuticals s.r.o. zobowi\u0105zuje si\u0119 zapewni\u0107 maksymaln\u0105 dost\u0119pno\u015b\u0107 swoich stron internetowych zgodnie z ustaw\u0105 nr 99\/2019 Sb., o dost\u0119pno\u015bci stron internetowych i aplikacji mobilnych, oraz z normami wynikaj\u0105cymi z Wytycznych dotycz\u0105cych dost\u0119pno\u015bci tre\u015bci internetowych (Web Content Accessibility Guidelines \u2013 WCAG) 2.2, poziom AA.Naszym celem jest [&hellip;]\" \/>\n<meta property=\"og:url\" content=\"https:\/\/www.venzymel.eu\/pl\/oswiadczenie-o-dostepnosci\/\" \/>\n<meta property=\"og:site_name\" content=\"VENZYMEL\" \/>\n<meta property=\"article:modified_time\" content=\"2025-11-23T12:41:27+00:00\" \/>\n<meta name=\"twitter:card\" content=\"summary_large_image\" \/>\n<meta name=\"twitter:label1\" content=\"Szacowany czas czytania\" \/>\n\t<meta name=\"twitter:data1\" content=\"5 minut\" \/>\n<script type=\"application\/ld+json\" class=\"yoast-schema-graph\">{\"@context\":\"https:\/\/schema.org\",\"@graph\":[{\"@type\":\"WebPage\",\"@id\":\"https:\/\/www.venzymel.eu\/pl\/oswiadczenie-o-dostepnosci\/\",\"url\":\"https:\/\/www.venzymel.eu\/pl\/oswiadczenie-o-dostepnosci\/\",\"name\":\"O\u015bwiadczenie o dost\u0119pno\u015bci - VENZYMEL\",\"isPartOf\":{\"@id\":\"https:\/\/www.venzymel.eu\/pl\/#website\"},\"datePublished\":\"2025-11-21T09:40:29+00:00\",\"dateModified\":\"2025-11-23T12:41:27+00:00\",\"breadcrumb\":{\"@id\":\"https:\/\/www.venzymel.eu\/pl\/oswiadczenie-o-dostepnosci\/#breadcrumb\"},\"inLanguage\":\"pl-PL\",\"potentialAction\":[{\"@type\":\"ReadAction\",\"target\":[\"https:\/\/www.venzymel.eu\/pl\/oswiadczenie-o-dostepnosci\/\"]}]},{\"@type\":\"BreadcrumbList\",\"@id\":\"https:\/\/www.venzymel.eu\/pl\/oswiadczenie-o-dostepnosci\/#breadcrumb\",\"itemListElement\":[{\"@type\":\"ListItem\",\"position\":1,\"name\":\"Dom\u016f\",\"item\":\"https:\/\/www.venzymel.eu\/pl\/\"},{\"@type\":\"ListItem\",\"position\":2,\"name\":\"O\u015bwiadczenie o dost\u0119pno\u015bci\"}]},{\"@type\":\"WebSite\",\"@id\":\"https:\/\/www.venzymel.eu\/pl\/#website\",\"url\":\"https:\/\/www.venzymel.eu\/pl\/\",\"name\":\"VENZYMEL\",\"description\":\"Veterin\u00e1rn\u00ed enzymov\u00e1 p\u00e9\u010de\",\"potentialAction\":[{\"@type\":\"SearchAction\",\"target\":{\"@type\":\"EntryPoint\",\"urlTemplate\":\"https:\/\/www.venzymel.eu\/pl\/?s={search_term_string}\"},\"query-input\":{\"@type\":\"PropertyValueSpecification\",\"valueRequired\":true,\"valueName\":\"search_term_string\"}}],\"inLanguage\":\"pl-PL\"}]}<\/script>\n<!-- \/ Yoast SEO plugin. -->","yoast_head_json":{"title":"O\u015bwiadczenie o dost\u0119pno\u015bci - VENZYMEL","robots":{"index":"index","follow":"follow","max-snippet":"max-snippet:-1","max-image-preview":"max-image-preview:large","max-video-preview":"max-video-preview:-1"},"canonical":"https:\/\/www.venzymel.eu\/pl\/oswiadczenie-o-dostepnosci\/","og_locale":"pl_PL","og_type":"article","og_title":"O\u015bwiadczenie o dost\u0119pno\u015bci - VENZYMEL","og_description":"O\u015bwiadczenie o dost\u0119pno\u015bci strony www.venzymel.czOstatnia aktualizacja: 1 pa\u017adziernika 2025 Firma Wald Pharmaceuticals s.r.o. zobowi\u0105zuje si\u0119 zapewni\u0107 maksymaln\u0105 dost\u0119pno\u015b\u0107 swoich stron internetowych zgodnie z ustaw\u0105 nr 99\/2019 Sb., o dost\u0119pno\u015bci stron internetowych i aplikacji mobilnych, oraz z normami wynikaj\u0105cymi z Wytycznych dotycz\u0105cych dost\u0119pno\u015bci tre\u015bci internetowych (Web Content Accessibility Guidelines \u2013 WCAG) 2.2, poziom AA.Naszym celem jest [&hellip;]","og_url":"https:\/\/www.venzymel.eu\/pl\/oswiadczenie-o-dostepnosci\/","og_site_name":"VENZYMEL","article_modified_time":"2025-11-23T12:41:27+00:00","twitter_card":"summary_large_image","twitter_misc":{"Szacowany czas czytania":"5 minut"},"schema":{"@context":"https:\/\/schema.org","@graph":[{"@type":"WebPage","@id":"https:\/\/www.venzymel.eu\/pl\/oswiadczenie-o-dostepnosci\/","url":"https:\/\/www.venzymel.eu\/pl\/oswiadczenie-o-dostepnosci\/","name":"O\u015bwiadczenie o dost\u0119pno\u015bci - VENZYMEL","isPartOf":{"@id":"https:\/\/www.venzymel.eu\/pl\/#website"},"datePublished":"2025-11-21T09:40:29+00:00","dateModified":"2025-11-23T12:41:27+00:00","breadcrumb":{"@id":"https:\/\/www.venzymel.eu\/pl\/oswiadczenie-o-dostepnosci\/#breadcrumb"},"inLanguage":"pl-PL","potentialAction":[{"@type":"ReadAction","target":["https:\/\/www.venzymel.eu\/pl\/oswiadczenie-o-dostepnosci\/"]}]},{"@type":"BreadcrumbList","@id":"https:\/\/www.venzymel.eu\/pl\/oswiadczenie-o-dostepnosci\/#breadcrumb","itemListElement":[{"@type":"ListItem","position":1,"name":"Dom\u016f","item":"https:\/\/www.venzymel.eu\/pl\/"},{"@type":"ListItem","position":2,"name":"O\u015bwiadczenie o dost\u0119pno\u015bci"}]},{"@type":"WebSite","@id":"https:\/\/www.venzymel.eu\/pl\/#website","url":"https:\/\/www.venzymel.eu\/pl\/","name":"VENZYMEL","description":"Veterin\u00e1rn\u00ed enzymov\u00e1 p\u00e9\u010de","potentialAction":[{"@type":"SearchAction","target":{"@type":"EntryPoint","urlTemplate":"https:\/\/www.venzymel.eu\/pl\/?s={search_term_string}"},"query-input":{"@type":"PropertyValueSpecification","valueRequired":true,"valueName":"search_term_string"}}],"inLanguage":"pl-PL"}]}},"_links":{"self":[{"href":"https:\/\/www.venzymel.eu\/pl\/wp-json\/wp\/v2\/pages\/725","targetHints":{"allow":["GET"]}}],"collection":[{"href":"https:\/\/www.venzymel.eu\/pl\/wp-json\/wp\/v2\/pages"}],"about":[{"href":"https:\/\/www.venzymel.eu\/pl\/wp-json\/wp\/v2\/types\/page"}],"author":[{"embeddable":true,"href":"https:\/\/www.venzymel.eu\/pl\/wp-json\/wp\/v2\/users\/1"}],"replies":[{"embeddable":true,"href":"https:\/\/www.venzymel.eu\/pl\/wp-json\/wp\/v2\/comments?post=725"}],"version-history":[{"count":2,"href":"https:\/\/www.venzymel.eu\/pl\/wp-json\/wp\/v2\/pages\/725\/revisions"}],"predecessor-version":[{"id":727,"href":"https:\/\/www.venzymel.eu\/pl\/wp-json\/wp\/v2\/pages\/725\/revisions\/727"}],"wp:attachment":[{"href":"https:\/\/www.venzymel.eu\/pl\/wp-json\/wp\/v2\/media?parent=725"}],"curies":[{"name":"wp","href":"https:\/\/api.w.org\/{rel}","templated":true}]}}