{"id":758,"date":"2025-11-21T10:40:29","date_gmt":"2025-11-21T09:40:29","guid":{"rendered":"https:\/\/www.venzymel.eu\/vyhlasenie-o-pristupnosti\/"},"modified":"2025-11-23T21:03:12","modified_gmt":"2025-11-23T20:03:12","slug":"vyhlasenie-o-pristupnosti","status":"publish","type":"page","link":"https:\/\/www.venzymel.eu\/sk\/vyhlasenie-o-pristupnosti\/","title":{"rendered":"Vyhl\u00e1senie o pr\u00edstupnosti"},"content":{"rendered":"<p>[et_pb_section fb_built=&#8220;1&#8243; admin_label=&#8220;Features&#8220; _builder_version=&#8220;4.18.0&#8243; _module_preset=&#8220;default&#8220; background_color=&#8220;#f6f6f6&#8243; custom_padding=&#8220;4vw||4vw||true|false&#8220; locked=&#8220;off&#8220; global_colors_info=&#8220;{}&#8220; theme_builder_area=&#8220;post_content&#8220;][et_pb_row use_custom_gutter=&#8220;on&#8220; _builder_version=&#8220;4.27.4&#8243; _module_preset=&#8220;default&#8220; width=&#8220;95%&#8220; custom_margin_tablet=&#8220;&#8220; custom_margin_phone=&#8220;&#8220; custom_margin_last_edited=&#8220;on|phone&#8220; custom_padding=&#8220;||0px||false|false&#8220; global_colors_info=&#8220;{}&#8220; theme_builder_area=&#8220;post_content&#8220;][et_pb_column type=&#8220;4_4&#8243; _builder_version=&#8220;4.16&#8243; _module_preset=&#8220;default&#8220; custom_padding=&#8220;||40px||false|false&#8220; global_colors_info=&#8220;{}&#8220; theme_builder_area=&#8220;post_content&#8220;][et_pb_text _builder_version=&#8220;4.27.4&#8243; _module_preset=&#8220;default&#8220; header_font=&#8220;|700|||||||&#8220; header_text_align=&#8220;center&#8220; header_text_color=&#8220;#000000&#8243; header_font_size=&#8220;40px&#8220; vertical_offset_tablet=&#8220;0&#8243; horizontal_offset_tablet=&#8220;0&#8243; hover_enabled=&#8220;0&#8243; header_font_size_tablet=&#8220;&#8220; header_font_size_phone=&#8220;30px&#8220; header_font_size_last_edited=&#8220;on|phone&#8220; z_index_tablet=&#8220;0&#8243; text_text_shadow_horizontal_length_tablet=&#8220;0px&#8220; text_text_shadow_vertical_length_tablet=&#8220;0px&#8220; text_text_shadow_blur_strength_tablet=&#8220;1px&#8220; link_text_shadow_horizontal_length_tablet=&#8220;0px&#8220; link_text_shadow_vertical_length_tablet=&#8220;0px&#8220; link_text_shadow_blur_strength_tablet=&#8220;1px&#8220; ul_text_shadow_horizontal_length_tablet=&#8220;0px&#8220; ul_text_shadow_vertical_length_tablet=&#8220;0px&#8220; ul_text_shadow_blur_strength_tablet=&#8220;1px&#8220; ol_text_shadow_horizontal_length_tablet=&#8220;0px&#8220; ol_text_shadow_vertical_length_tablet=&#8220;0px&#8220; ol_text_shadow_blur_strength_tablet=&#8220;1px&#8220; quote_text_shadow_horizontal_length_tablet=&#8220;0px&#8220; quote_text_shadow_vertical_length_tablet=&#8220;0px&#8220; quote_text_shadow_blur_strength_tablet=&#8220;1px&#8220; header_text_shadow_horizontal_length_tablet=&#8220;0px&#8220; header_text_shadow_vertical_length_tablet=&#8220;0px&#8220; header_text_shadow_blur_strength_tablet=&#8220;1px&#8220; header_2_text_shadow_horizontal_length_tablet=&#8220;0px&#8220; header_2_text_shadow_vertical_length_tablet=&#8220;0px&#8220; header_2_text_shadow_blur_strength_tablet=&#8220;1px&#8220; header_3_text_shadow_horizontal_length_tablet=&#8220;0px&#8220; header_3_text_shadow_vertical_length_tablet=&#8220;0px&#8220; header_3_text_shadow_blur_strength_tablet=&#8220;1px&#8220; header_4_text_shadow_horizontal_length_tablet=&#8220;0px&#8220; header_4_text_shadow_vertical_length_tablet=&#8220;0px&#8220; header_4_text_shadow_blur_strength_tablet=&#8220;1px&#8220; header_5_text_shadow_horizontal_length_tablet=&#8220;0px&#8220; header_5_text_shadow_vertical_length_tablet=&#8220;0px&#8220; header_5_text_shadow_blur_strength_tablet=&#8220;1px&#8220; header_6_text_shadow_horizontal_length_tablet=&#8220;0px&#8220; header_6_text_shadow_vertical_length_tablet=&#8220;0px&#8220; header_6_text_shadow_blur_strength_tablet=&#8220;1px&#8220; box_shadow_horizontal_tablet=&#8220;0px&#8220; box_shadow_vertical_tablet=&#8220;0px&#8220; box_shadow_blur_tablet=&#8220;40px&#8220; box_shadow_spread_tablet=&#8220;0px&#8220; global_colors_info=&#8220;{}&#8220; theme_builder_area=&#8220;post_content&#8220; text_orientation=&#8220;center&#8220; sticky_enabled=&#8220;0&#8243;]<\/p>\n<h1>Vyhl\u00e1senie o pr\u00edstupnosti<\/h1>\n<p>webu www.venzymel.cz[\/et_pb_text][\/et_pb_column][\/et_pb_row][\/et_pb_section][et_pb_section fb_built=&#8220;1&#8243; admin_label=&#8220;Header&#8220; _builder_version=&#8220;4.18.1&#8243; _module_preset=&#8220;default&#8220; background_position=&#8220;top_center&#8220; overflow-x=&#8220;hidden&#8220; overflow-y=&#8220;hidden&#8220; custom_padding=&#8220;4vh||4vh||true|false&#8220; locked=&#8220;off&#8220; global_colors_info=&#8220;{}&#8220; theme_builder_area=&#8220;post_content&#8220;][et_pb_row use_custom_gutter=&#8220;on&#8220; custom_padding_last_edited=&#8220;on|phone&#8220; _builder_version=&#8220;4.27.4&#8243; _module_preset=&#8220;default&#8220; width=&#8220;95%&#8220; custom_padding_tablet=&#8220;&#8220; custom_padding_phone=&#8220;|20px||20px|false|true&#8220; global_colors_info=&#8220;{}&#8220; theme_builder_area=&#8220;post_content&#8220;][et_pb_column type=&#8220;4_4&#8243; _builder_version=&#8220;4.16&#8243; custom_padding=&#8220;|||&#8220; global_colors_info=&#8220;{}&#8220; custom_padding__hover=&#8220;|||&#8220; theme_builder_area=&#8220;post_content&#8220;][et_pb_text _builder_version=&#8220;4.27.4&#8243; _module_preset=&#8220;default&#8220; hover_enabled=&#8220;0&#8243; global_colors_info=&#8220;{}&#8220; theme_builder_area=&#8220;post_content&#8220; sticky_enabled=&#8220;0&#8243;]<\/p>\n<p>Posledn\u00e1 aktualiz\u00e1cia: 1. okt\u00f3bra 2025<\/p>\n<p>Spolo\u010dnos\u0165 Wald Pharmaceuticals s.r.o. sa zav\u00e4zuje zaisti\u0165 maxim\u00e1lnu pr\u00edstupnos\u0165 svojich webov\u00fdch str\u00e1nok v s\u00falade so z\u00e1konom \u010d. 99\/2019 Zb., o pr\u00edstupnosti internetov\u00fdch str\u00e1nok a mobiln\u00fdch aplik\u00e1ci\u00ed, a s normami vych\u00e1dzaj\u00facimi z Pokynov pre pr\u00edstupnos\u0165 webov\u00e9ho obsahu (Web Content Accessibility Guidelines \u2013 WCAG) 2.2, \u00farove\u0148 AA.<br \/>Na\u0161\u00edm cie\u013eom je poskytova\u0165 webov\u00fd obsah, ktor\u00fd je dostupn\u00fd pre v\u0161etk\u00fdch u\u017e\u00edvate\u013eov, vr\u00e1tane os\u00f4b so zdravotn\u00fdm postihnut\u00edm.<\/p>\n<p>1. Stav s\u00falad<\/p>\n<p>Webov\u00e1 str\u00e1nka www.venzymel.cz je \u010diasto\u010dne v s\u00falade s po\u017eiadavkami WCAG 2.2 na \u00farovni AA. To znamen\u00e1, \u017ee niektor\u00e9 \u010dasti obsahu nemusia by\u0165 plne pr\u00edstupn\u00e9. <\/p>\n<p>2. Opatrenia na podporu pr\u00edstupnosti<\/p>\n<p>Na zabezpe\u010denie pr\u00edstupnosti webu uplat\u0148ujeme tieto opatrenia:<\/p>\n<p>priebe\u017en\u00e9 odstra\u0148ovanie bari\u00e9r v pr\u00edstupnosti,<br \/>testovanie vybran\u00fdch str\u00e1nok s vyu\u017eit\u00edm asisten\u010dn\u00fdch technol\u00f3gi\u00ed,<br \/>pravideln\u00e9 \u0161kolenie os\u00f4b zapojen\u00fdch do spr\u00e1vy webu,<br \/>spolupr\u00e1ca s odborn\u00edkmi v oblasti digit\u00e1lnej pr\u00edstupnosti.<br \/>3. Zn\u00e1me obmedzenia<\/p>\n<p>Napriek n\u00e1\u0161mu \u00fasiliu m\u00f4\u017eu na webe pretrv\u00e1va\u0165 nasleduj\u00face nedostatky: niektor\u00e9 dokumenty vo form\u00e1te PDF nemusia by\u0165 plne pr\u00edstupn\u00e9 (ch\u00fdbaj\u00faca \u0161trukt\u00fara, alternat\u00edvne texty), \u010das\u0165 video a audio obsahu nemusia ma\u0165 titulky alebo prepisy, niektor\u00e9 str\u00e1nky m\u00f4\u017eu ma\u0165 nedostato\u010dn\u00fd farebn\u00fd kontrast, v niektor\u00fdch pr\u00edpadoch m\u00f4\u017eu nadpisy a \u0161trukt\u00fara obsahu nedodr\u017eiava\u0165 spr\u00e1vnu hierarchiu, zlo\u017eitej\u0161ie tabu\u013eky.<\/p>\n<p>Budeme radi za ak\u00fako\u013evek sp\u00e4tn\u00fa v\u00e4zbu, ktor\u00e1 n\u00e1m pom\u00f4\u017ee tieto nedostatky odstr\u00e1ni\u0165.<\/p>\n<p>4. Kompatibilita s prehliada\u010dmi a technol\u00f3giami<\/p>\n<p>Web je navrhnut\u00fd tak, aby bol kompatibiln\u00fd s be\u017ene pou\u017e\u00edvan\u00fdmi asisten\u010dn\u00fdmi technol\u00f3giami (\u010d\u00edta\u010dky obrazovky, zv\u00e4\u010d\u0161ovac\u00ed softv\u00e9r) a modern\u00fdmi prehliada\u010dmi. Pre najlep\u0161\u00ed u\u017e\u00edvate\u013esk\u00fd z\u00e1\u017eitok odpor\u00fa\u010dame pou\u017e\u00edva\u0165 aktu\u00e1lne verzie prehliada\u010dov Chrome, Firefox, Safari alebo Edge. <\/p>\n<p>5. Postup na pod\u00e1vanie podnetov a pripomienok<\/p>\n<p>Pokia\u013e sa pri pou\u017e\u00edvan\u00ed webu stretnete s probl\u00e9mom pr\u00edstupnosti, kontaktujte n\u00e1s na e-maile: info@waldpharma.cz. Budeme sa sna\u017ei\u0165 na va\u0161e podnety reagova\u0165 bez zbyto\u010dn\u00e9ho odkladu a n\u00e1js\u0165 vhodn\u00e9 rie\u0161enie. <\/p>\n<p>6. Postup pre vym\u00e1hanie pr\u00e1v<\/p>\n<p>Pokia\u013e nebudete spokojn\u00ed s na\u0161\u00edm rie\u0161en\u00edm, m\u00f4\u017eete sa obr\u00e1ti\u0165 na:<\/p>\n<p>Ministerstvo vn\u00fatra SR<br \/>odbor eGovernmentu<br \/>n\u00e1mestie Hrdinov 1634\/3, 140 21 Praha 4<br \/>e-mail: posta@mvcr.cz<br \/>www.mvcr.cz<\/p>\n<p>[\/et_pb_text][\/et_pb_column][\/et_pb_row][\/et_pb_section]<\/p>\n","protected":false},"excerpt":{"rendered":"<p>Vyhl\u00e1senie o pr\u00edstupnosti webu www.venzymel.czPosledn\u00e1 aktualiz\u00e1cia: 1. okt\u00f3bra 2025 Spolo\u010dnos\u0165 Wald Pharmaceuticals s.r.o. sa zav\u00e4zuje zaisti\u0165 maxim\u00e1lnu pr\u00edstupnos\u0165 svojich webov\u00fdch str\u00e1nok v s\u00falade so z\u00e1konom \u010d. 99\/2019 Zb., o pr\u00edstupnosti internetov\u00fdch str\u00e1nok a mobiln\u00fdch aplik\u00e1ci\u00ed, a s normami vych\u00e1dzaj\u00facimi z Pokynov pre pr\u00edstupnos\u0165 webov\u00e9ho obsahu (Web Content Accessibility Guidelines \u2013 WCAG) 2.2, \u00farove\u0148 AA.Na\u0161\u00edm cie\u013eom [&hellip;]<\/p>\n","protected":false},"author":1,"featured_media":0,"parent":0,"menu_order":0,"comment_status":"closed","ping_status":"closed","template":"","meta":{"_et_pb_use_builder":"on","_et_pb_old_content":"","_et_gb_content_width":"","footnotes":""},"class_list":["post-758","page","type-page","status-publish","hentry"],"yoast_head":"<!-- This site is optimized with the Yoast SEO plugin v26.6 - https:\/\/yoast.com\/wordpress\/plugins\/seo\/ -->\n<title>Vyhl\u00e1senie o pr\u00edstupnosti - VENZYMEL<\/title>\n<meta name=\"robots\" content=\"index, follow, max-snippet:-1, max-image-preview:large, max-video-preview:-1\" \/>\n<link rel=\"canonical\" href=\"https:\/\/www.venzymel.eu\/sk\/vyhlasenie-o-pristupnosti\/\" \/>\n<meta property=\"og:locale\" content=\"sk_SK\" \/>\n<meta property=\"og:type\" content=\"article\" \/>\n<meta property=\"og:title\" content=\"Vyhl\u00e1senie o pr\u00edstupnosti - VENZYMEL\" \/>\n<meta property=\"og:description\" content=\"Vyhl\u00e1senie o pr\u00edstupnosti webu www.venzymel.czPosledn\u00e1 aktualiz\u00e1cia: 1. okt\u00f3bra 2025 Spolo\u010dnos\u0165 Wald Pharmaceuticals s.r.o. sa zav\u00e4zuje zaisti\u0165 maxim\u00e1lnu pr\u00edstupnos\u0165 svojich webov\u00fdch str\u00e1nok v s\u00falade so z\u00e1konom \u010d. 99\/2019 Zb., o pr\u00edstupnosti internetov\u00fdch str\u00e1nok a mobiln\u00fdch aplik\u00e1ci\u00ed, a s normami vych\u00e1dzaj\u00facimi z Pokynov pre pr\u00edstupnos\u0165 webov\u00e9ho obsahu (Web Content Accessibility Guidelines \u2013 WCAG) 2.2, \u00farove\u0148 AA.Na\u0161\u00edm cie\u013eom [&hellip;]\" \/>\n<meta property=\"og:url\" content=\"https:\/\/www.venzymel.eu\/sk\/vyhlasenie-o-pristupnosti\/\" \/>\n<meta property=\"og:site_name\" content=\"VENZYMEL\" \/>\n<meta property=\"article:modified_time\" content=\"2025-11-23T20:03:12+00:00\" \/>\n<meta name=\"twitter:card\" content=\"summary_large_image\" \/>\n<meta name=\"twitter:label1\" content=\"Predpokladan\u00fd \u010das \u010d\u00edtania\" \/>\n\t<meta name=\"twitter:data1\" content=\"5 min\u00fat\" \/>\n<script type=\"application\/ld+json\" class=\"yoast-schema-graph\">{\"@context\":\"https:\/\/schema.org\",\"@graph\":[{\"@type\":\"WebPage\",\"@id\":\"https:\/\/www.venzymel.eu\/sk\/vyhlasenie-o-pristupnosti\/\",\"url\":\"https:\/\/www.venzymel.eu\/sk\/vyhlasenie-o-pristupnosti\/\",\"name\":\"Vyhl\u00e1senie o pr\u00edstupnosti - VENZYMEL\",\"isPartOf\":{\"@id\":\"https:\/\/www.venzymel.eu\/sk\/#website\"},\"datePublished\":\"2025-11-21T09:40:29+00:00\",\"dateModified\":\"2025-11-23T20:03:12+00:00\",\"breadcrumb\":{\"@id\":\"https:\/\/www.venzymel.eu\/sk\/vyhlasenie-o-pristupnosti\/#breadcrumb\"},\"inLanguage\":\"sk-SK\",\"potentialAction\":[{\"@type\":\"ReadAction\",\"target\":[\"https:\/\/www.venzymel.eu\/sk\/vyhlasenie-o-pristupnosti\/\"]}]},{\"@type\":\"BreadcrumbList\",\"@id\":\"https:\/\/www.venzymel.eu\/sk\/vyhlasenie-o-pristupnosti\/#breadcrumb\",\"itemListElement\":[{\"@type\":\"ListItem\",\"position\":1,\"name\":\"Dom\u016f\",\"item\":\"https:\/\/www.venzymel.eu\/sk\/\"},{\"@type\":\"ListItem\",\"position\":2,\"name\":\"Vyhl\u00e1senie o pr\u00edstupnosti\"}]},{\"@type\":\"WebSite\",\"@id\":\"https:\/\/www.venzymel.eu\/sk\/#website\",\"url\":\"https:\/\/www.venzymel.eu\/sk\/\",\"name\":\"VENZYMEL\",\"description\":\"Veterin\u00e1rn\u00ed enzymov\u00e1 p\u00e9\u010de\",\"potentialAction\":[{\"@type\":\"SearchAction\",\"target\":{\"@type\":\"EntryPoint\",\"urlTemplate\":\"https:\/\/www.venzymel.eu\/sk\/?s={search_term_string}\"},\"query-input\":{\"@type\":\"PropertyValueSpecification\",\"valueRequired\":true,\"valueName\":\"search_term_string\"}}],\"inLanguage\":\"sk-SK\"}]}<\/script>\n<!-- \/ Yoast SEO plugin. -->","yoast_head_json":{"title":"Vyhl\u00e1senie o pr\u00edstupnosti - VENZYMEL","robots":{"index":"index","follow":"follow","max-snippet":"max-snippet:-1","max-image-preview":"max-image-preview:large","max-video-preview":"max-video-preview:-1"},"canonical":"https:\/\/www.venzymel.eu\/sk\/vyhlasenie-o-pristupnosti\/","og_locale":"sk_SK","og_type":"article","og_title":"Vyhl\u00e1senie o pr\u00edstupnosti - VENZYMEL","og_description":"Vyhl\u00e1senie o pr\u00edstupnosti webu www.venzymel.czPosledn\u00e1 aktualiz\u00e1cia: 1. okt\u00f3bra 2025 Spolo\u010dnos\u0165 Wald Pharmaceuticals s.r.o. sa zav\u00e4zuje zaisti\u0165 maxim\u00e1lnu pr\u00edstupnos\u0165 svojich webov\u00fdch str\u00e1nok v s\u00falade so z\u00e1konom \u010d. 99\/2019 Zb., o pr\u00edstupnosti internetov\u00fdch str\u00e1nok a mobiln\u00fdch aplik\u00e1ci\u00ed, a s normami vych\u00e1dzaj\u00facimi z Pokynov pre pr\u00edstupnos\u0165 webov\u00e9ho obsahu (Web Content Accessibility Guidelines \u2013 WCAG) 2.2, \u00farove\u0148 AA.Na\u0161\u00edm cie\u013eom [&hellip;]","og_url":"https:\/\/www.venzymel.eu\/sk\/vyhlasenie-o-pristupnosti\/","og_site_name":"VENZYMEL","article_modified_time":"2025-11-23T20:03:12+00:00","twitter_card":"summary_large_image","twitter_misc":{"Predpokladan\u00fd \u010das \u010d\u00edtania":"5 min\u00fat"},"schema":{"@context":"https:\/\/schema.org","@graph":[{"@type":"WebPage","@id":"https:\/\/www.venzymel.eu\/sk\/vyhlasenie-o-pristupnosti\/","url":"https:\/\/www.venzymel.eu\/sk\/vyhlasenie-o-pristupnosti\/","name":"Vyhl\u00e1senie o pr\u00edstupnosti - VENZYMEL","isPartOf":{"@id":"https:\/\/www.venzymel.eu\/sk\/#website"},"datePublished":"2025-11-21T09:40:29+00:00","dateModified":"2025-11-23T20:03:12+00:00","breadcrumb":{"@id":"https:\/\/www.venzymel.eu\/sk\/vyhlasenie-o-pristupnosti\/#breadcrumb"},"inLanguage":"sk-SK","potentialAction":[{"@type":"ReadAction","target":["https:\/\/www.venzymel.eu\/sk\/vyhlasenie-o-pristupnosti\/"]}]},{"@type":"BreadcrumbList","@id":"https:\/\/www.venzymel.eu\/sk\/vyhlasenie-o-pristupnosti\/#breadcrumb","itemListElement":[{"@type":"ListItem","position":1,"name":"Dom\u016f","item":"https:\/\/www.venzymel.eu\/sk\/"},{"@type":"ListItem","position":2,"name":"Vyhl\u00e1senie o pr\u00edstupnosti"}]},{"@type":"WebSite","@id":"https:\/\/www.venzymel.eu\/sk\/#website","url":"https:\/\/www.venzymel.eu\/sk\/","name":"VENZYMEL","description":"Veterin\u00e1rn\u00ed enzymov\u00e1 p\u00e9\u010de","potentialAction":[{"@type":"SearchAction","target":{"@type":"EntryPoint","urlTemplate":"https:\/\/www.venzymel.eu\/sk\/?s={search_term_string}"},"query-input":{"@type":"PropertyValueSpecification","valueRequired":true,"valueName":"search_term_string"}}],"inLanguage":"sk-SK"}]}},"_links":{"self":[{"href":"https:\/\/www.venzymel.eu\/sk\/wp-json\/wp\/v2\/pages\/758","targetHints":{"allow":["GET"]}}],"collection":[{"href":"https:\/\/www.venzymel.eu\/sk\/wp-json\/wp\/v2\/pages"}],"about":[{"href":"https:\/\/www.venzymel.eu\/sk\/wp-json\/wp\/v2\/types\/page"}],"author":[{"embeddable":true,"href":"https:\/\/www.venzymel.eu\/sk\/wp-json\/wp\/v2\/users\/1"}],"replies":[{"embeddable":true,"href":"https:\/\/www.venzymel.eu\/sk\/wp-json\/wp\/v2\/comments?post=758"}],"version-history":[{"count":2,"href":"https:\/\/www.venzymel.eu\/sk\/wp-json\/wp\/v2\/pages\/758\/revisions"}],"predecessor-version":[{"id":760,"href":"https:\/\/www.venzymel.eu\/sk\/wp-json\/wp\/v2\/pages\/758\/revisions\/760"}],"wp:attachment":[{"href":"https:\/\/www.venzymel.eu\/sk\/wp-json\/wp\/v2\/media?parent=758"}],"curies":[{"name":"wp","href":"https:\/\/api.w.org\/{rel}","templated":true}]}}